{"id":866,"date":"2019-10-23T12:29:21","date_gmt":"2019-10-23T10:29:21","guid":{"rendered":"http:\/\/www.herzensraum-coaching.at\/?page_id=866"},"modified":"2026-02-19T21:38:37","modified_gmt":"2026-02-19T20:38:37","slug":"agb","status":"publish","type":"page","link":"https:\/\/www.herzensraum-coaching.at\/en\/impressum\/agb\/","title":{"rendered":"GTC"},"content":{"rendered":"<div data-elementor-type=\"wp-page\" data-elementor-id=\"866\" class=\"elementor elementor-866\" data-elementor-post-type=\"page\">\n\t\t\t\t\t\t<section class=\"elementor-section elementor-top-section elementor-element elementor-element-7cb715cd elementor-section-boxed elementor-section-height-default elementor-section-height-default\" data-id=\"7cb715cd\" data-element_type=\"section\" data-e-type=\"section\">\n\t\t\t\t\t\t<div class=\"elementor-container elementor-column-gap-default\">\n\t\t\t\t\t<div class=\"elementor-column elementor-col-100 elementor-top-column elementor-element elementor-element-483caa28\" data-id=\"483caa28\" data-element_type=\"column\" data-e-type=\"column\">\n\t\t\t<div class=\"elementor-widget-wrap elementor-element-populated\">\n\t\t\t\t\t\t<div class=\"elementor-element elementor-element-7aaca4ab elementor-widget elementor-widget-text-editor\" data-id=\"7aaca4ab\" data-element_type=\"widget\" data-e-type=\"widget\" data-widget_type=\"text-editor.default\">\n\t\t\t\t<div class=\"elementor-widget-container\">\n\t\t\t\t\t\t\t\t\t<h3><strong>PRIVATKUNDEN<\/strong><\/h3>\n<p><!-- \/wp:heading --><\/p>\n<p><!-- wp:paragraph --><\/p>\n<p><strong>Deine Investition in Dich selbst:<\/strong><\/p>\n<p><!-- \/wp:paragraph --><\/p>\n<p><!-- wp:list --><\/p>\n<ul>\n<li>Unverbindliches telefonisches Erstgespr\u00e4ch: kostenlos<\/li>\n<li>Einzelcoaching \/ Telefoncoaching \/ Onlinecoaching: \u20ac 120.- \u00e0 60 Minuten<\/li>\n<li>Workshop: siehe jeweilige Ausschreibung<\/li>\n<\/ul>\n<p><!-- \/wp:list --><\/p>\n<p><!-- wp:paragraph --><\/p>\n<p><strong>Absageregelung:<\/strong><\/p>\n<p><!-- \/wp:paragraph --><\/p>\n<p><!-- wp:paragraph --><\/p>\n<p><span style=\"color: var( --e-global-color-text ); font-family: var( --e-global-typography-text-font-family ), Sans-serif; font-weight: var( --e-global-typography-text-font-weight ); font-size: 1rem;\">Verrechnet wird der tats\u00e4chlich erbrachte Zeitaufwand. Bei Absage eines Coachingtermins fallen bis 48 Stunden vor dem vereinbarten Termin keine Kosten an, danach wird eine Einheit \u00e0 60 Minuten in Rechnung gestellt. I<\/span>ch bitte um Verst\u00e4ndnis, da ich die Zeit exklusiv f\u00fcr Sie reserviere.<\/p>\n<p>Bei Absage eines Workshops fallen bis 48 Stunden vor dem vereinbarten Termin keine Kosten an, bei Absage zwischen 48 und 24 Stunden vor dem vereinbarten Termin werden 50% des Honorars verrechnet, danach 100%.<\/p>\n<p><!-- \/wp:paragraph --><\/p>\n<p><!-- wp:separator {\"className\":\"is-style-wide\"} --><\/p>\n<hr>\n<p><!-- \/wp:separator --><\/p>\n<p><!-- wp:heading {\"level\":3} --><\/p>\n<h3><strong>FIRMENKUNDEN<\/strong><\/h3>\n<p><!-- \/wp:heading --><\/p>\n<p><!-- wp:paragraph --><\/p>\n<p><strong>Ihre Investition in Ihre MitarbeiterInnen:<\/strong><\/p>\n<p><!-- \/wp:paragraph --><\/p>\n<p><!-- wp:list --><\/p>\n<ul>\n<li>Unverbindliches pers\u00f6nliches Erstgespr\u00e4ch: kostenlos<\/li>\n<li>Das Honorar f\u00fcr Mitarbeiter-Coaching, Vortr\u00e4ge sowie der Tagessatz f\u00fcr Workshops wird individuell je nach Bedarf und Format vereinbart.<\/li>\n<\/ul>\n<p><!-- \/wp:list --><\/p>\n<p><!-- wp:paragraph --><\/p>\n<p>Bei Fragen zu meinem Angebot <a href=\"\/en\/office(at)herzensraum-coaching.at\/\">kontaktieren Sie mich<\/a> jederzeit gerne.<\/p>\n<p><!-- \/wp:paragraph --><\/p>\n<p><!-- wp:paragraph --><\/p>\n<p><strong>Absageregelung:<\/strong><\/p>\n<p><!-- \/wp:paragraph --><\/p>\n<p><!-- wp:paragraph --><\/p>\n<p>Verrechnet wird der tats\u00e4chlich erbrachte Zeitaufwand. Bei Absage fallen bis 48 Stunden vor dem vereinbarten Termin keine Kosten an. Bei Absage zwischen 48 und 24 Stunden vor dem vereinbarten Termin werden 50% des Honorars verrechnet, danach 100%. <br>Im Falle einer Stornierung eines Mitarbeiter-Coachings fallen bis 48 Stunden vor dem vereinbarten Termin keine Kosten an, danach wird eine Einheit \u00e0 60 Minuten in Rechnung gestellt.<\/p>\n<p><!-- \/wp:paragraph --><\/p>\n<p><!-- wp:separator {\"className\":\"is-style-wide\"} --><\/p>\n<hr>\n<p><!-- \/wp:separator --><\/p>\n<p><!-- wp:heading {\"level\":4} --><\/p>\n<h4><strong>Umsatzsteuerbefreit:<\/strong> Kleinunternehmer gem\u00e4\u00df \u00a7 6 Abs. 1 Z 27 UStG<\/h4>\n<p><!-- \/wp:heading --><\/p>\n<p><!-- wp:paragraph --><\/p>\n<p>Aus Gr\u00fcnden der Kleinunternehmerregelung k\u00f6nnen die angef\u00fchrten Leistungen sozusagen \u201enetto\u201c angeboten werden. Die Verrechnung erfolgt dementsprechend umsatzsteuerfrei.<\/p>\n<p><!-- \/wp:paragraph --><\/p>\n<p><!-- wp:paragraph --><\/p>\n<p>Ich freue mich auf eine achtsame und produktive Zusammenarbeit!<\/p>\n<p>Nicole Riederer<\/p>\n<p><!-- \/wp:image --><\/p>\t\t\t\t\t\t\t\t<\/div>\n\t\t\t\t<\/div>\n\t\t\t\t\t<\/div>\n\t\t<\/div>\n\t\t\t\t\t<\/div>\n\t\t<\/section>\n\t\t\t\t<\/div>","protected":false},"excerpt":{"rendered":"<p>PRIVATKUNDEN Deine Investition in Dich selbst: Unverbindliches telefonisches Erstgespr\u00e4ch: kostenlos Einzelcoaching \/ Telefoncoaching \/ Onlinecoaching: \u20ac 120.- \u00e0 60 Minuten Workshop: siehe jeweilige Ausschreibung Absageregelung: Verrechnet wird der tats\u00e4chlich erbrachte Zeitaufwand. Bei Absage eines Coachingtermins fallen bis 48 Stunden vor dem vereinbarten Termin keine Kosten an, danach wird eine Einheit \u00e0 60 Minuten in Rechnung [&hellip;]<\/p>\n","protected":false},"author":1,"featured_media":0,"parent":36,"menu_order":0,"comment_status":"closed","ping_status":"closed","template":"elementor_header_footer","meta":{"jetpack_post_was_ever_published":false,"footnotes":""},"class_list":["post-866","page","type-page","status-publish","hentry"],"yoast_head":"<!-- This site is optimized with the Yoast SEO plugin v27.3 - https:\/\/yoast.com\/product\/yoast-seo-wordpress\/ -->\n<title>AGB - Herzensraum-Coaching<\/title>\n<meta name=\"robots\" content=\"index, follow, max-snippet:-1, max-image-preview:large, max-video-preview:-1\" \/>\n<link rel=\"canonical\" href=\"https:\/\/www.herzensraum-coaching.at\/en\/impressum\/agb\/\" \/>\n<meta property=\"og:locale\" content=\"en_US\" \/>\n<meta property=\"og:type\" content=\"article\" \/>\n<meta property=\"og:title\" content=\"AGB - Herzensraum-Coaching\" \/>\n<meta property=\"og:description\" content=\"PRIVATKUNDEN Deine Investition in Dich selbst: Unverbindliches telefonisches Erstgespr\u00e4ch: kostenlos Einzelcoaching \/ Telefoncoaching \/ Onlinecoaching: \u20ac 120.- \u00e0 60 Minuten Workshop: siehe jeweilige Ausschreibung Absageregelung: Verrechnet wird der tats\u00e4chlich erbrachte Zeitaufwand. Bei Absage eines Coachingtermins fallen bis 48 Stunden vor dem vereinbarten Termin keine Kosten an, danach wird eine Einheit \u00e0 60 Minuten in Rechnung [&hellip;]\" \/>\n<meta property=\"og:url\" content=\"https:\/\/www.herzensraum-coaching.at\/en\/impressum\/agb\/\" \/>\n<meta property=\"og:site_name\" content=\"Herzensraum-Coaching\" \/>\n<meta property=\"article:publisher\" content=\"https:\/\/www.facebook.com\/herzensraum.coaching\/\" \/>\n<meta property=\"article:modified_time\" content=\"2026-02-19T20:38:37+00:00\" \/>\n<meta name=\"twitter:card\" content=\"summary_large_image\" \/>\n<meta name=\"twitter:label1\" content=\"Est. reading time\" \/>\n\t<meta name=\"twitter:data1\" content=\"2 minutes\" \/>\n<script type=\"application\/ld+json\" class=\"yoast-schema-graph\">{\"@context\":\"https:\\\/\\\/schema.org\",\"@graph\":[{\"@type\":\"WebPage\",\"@id\":\"https:\\\/\\\/www.herzensraum-coaching.at\\\/impressum\\\/agb\\\/\",\"url\":\"https:\\\/\\\/www.herzensraum-coaching.at\\\/impressum\\\/agb\\\/\",\"name\":\"AGB - Herzensraum-Coaching\",\"isPartOf\":{\"@id\":\"https:\\\/\\\/www.herzensraum-coaching.at\\\/#website\"},\"datePublished\":\"2019-10-23T10:29:21+00:00\",\"dateModified\":\"2026-02-19T20:38:37+00:00\",\"breadcrumb\":{\"@id\":\"https:\\\/\\\/www.herzensraum-coaching.at\\\/impressum\\\/agb\\\/#breadcrumb\"},\"inLanguage\":\"en-US\",\"potentialAction\":[{\"@type\":\"ReadAction\",\"target\":[\"https:\\\/\\\/www.herzensraum-coaching.at\\\/impressum\\\/agb\\\/\"]}]},{\"@type\":\"BreadcrumbList\",\"@id\":\"https:\\\/\\\/www.herzensraum-coaching.at\\\/impressum\\\/agb\\\/#breadcrumb\",\"itemListElement\":[{\"@type\":\"ListItem\",\"position\":1,\"name\":\"Startseite\",\"item\":\"https:\\\/\\\/www.herzensraum-coaching.at\\\/\"},{\"@type\":\"ListItem\",\"position\":2,\"name\":\"Impressum\",\"item\":\"https:\\\/\\\/www.herzensraum-coaching.at\\\/impressum\\\/\"},{\"@type\":\"ListItem\",\"position\":3,\"name\":\"AGB\"}]},{\"@type\":\"WebSite\",\"@id\":\"https:\\\/\\\/www.herzensraum-coaching.at\\\/#website\",\"url\":\"https:\\\/\\\/www.herzensraum-coaching.at\\\/\",\"name\":\"Herzensraum-Coaching\",\"description\":\"Mag. Nicole Riederer\",\"potentialAction\":[{\"@type\":\"SearchAction\",\"target\":{\"@type\":\"EntryPoint\",\"urlTemplate\":\"https:\\\/\\\/www.herzensraum-coaching.at\\\/?s={search_term_string}\"},\"query-input\":{\"@type\":\"PropertyValueSpecification\",\"valueRequired\":true,\"valueName\":\"search_term_string\"}}],\"inLanguage\":\"en-US\"}]}<\/script>\n<!-- \/ Yoast SEO plugin. -->","yoast_head_json":{"title":"AGB - Herzensraum-Coaching","robots":{"index":"index","follow":"follow","max-snippet":"max-snippet:-1","max-image-preview":"max-image-preview:large","max-video-preview":"max-video-preview:-1"},"canonical":"https:\/\/www.herzensraum-coaching.at\/en\/impressum\/agb\/","og_locale":"en_US","og_type":"article","og_title":"AGB - Herzensraum-Coaching","og_description":"PRIVATKUNDEN Deine Investition in Dich selbst: Unverbindliches telefonisches Erstgespr\u00e4ch: kostenlos Einzelcoaching \/ Telefoncoaching \/ Onlinecoaching: \u20ac 120.- \u00e0 60 Minuten Workshop: siehe jeweilige Ausschreibung Absageregelung: Verrechnet wird der tats\u00e4chlich erbrachte Zeitaufwand. Bei Absage eines Coachingtermins fallen bis 48 Stunden vor dem vereinbarten Termin keine Kosten an, danach wird eine Einheit \u00e0 60 Minuten in Rechnung [&hellip;]","og_url":"https:\/\/www.herzensraum-coaching.at\/en\/impressum\/agb\/","og_site_name":"Herzensraum-Coaching","article_publisher":"https:\/\/www.facebook.com\/herzensraum.coaching\/","article_modified_time":"2026-02-19T20:38:37+00:00","twitter_card":"summary_large_image","twitter_misc":{"Est. reading time":"2 minutes"},"schema":{"@context":"https:\/\/schema.org","@graph":[{"@type":"WebPage","@id":"https:\/\/www.herzensraum-coaching.at\/impressum\/agb\/","url":"https:\/\/www.herzensraum-coaching.at\/impressum\/agb\/","name":"AGB - Herzensraum-Coaching","isPartOf":{"@id":"https:\/\/www.herzensraum-coaching.at\/#website"},"datePublished":"2019-10-23T10:29:21+00:00","dateModified":"2026-02-19T20:38:37+00:00","breadcrumb":{"@id":"https:\/\/www.herzensraum-coaching.at\/impressum\/agb\/#breadcrumb"},"inLanguage":"en-US","potentialAction":[{"@type":"ReadAction","target":["https:\/\/www.herzensraum-coaching.at\/impressum\/agb\/"]}]},{"@type":"BreadcrumbList","@id":"https:\/\/www.herzensraum-coaching.at\/impressum\/agb\/#breadcrumb","itemListElement":[{"@type":"ListItem","position":1,"name":"Startseite","item":"https:\/\/www.herzensraum-coaching.at\/"},{"@type":"ListItem","position":2,"name":"Impressum","item":"https:\/\/www.herzensraum-coaching.at\/impressum\/"},{"@type":"ListItem","position":3,"name":"AGB"}]},{"@type":"WebSite","@id":"https:\/\/www.herzensraum-coaching.at\/#website","url":"https:\/\/www.herzensraum-coaching.at\/","name":"Herzensraum-Coaching","description":"Mag. Nicole Riederer","potentialAction":[{"@type":"SearchAction","target":{"@type":"EntryPoint","urlTemplate":"https:\/\/www.herzensraum-coaching.at\/?s={search_term_string}"},"query-input":{"@type":"PropertyValueSpecification","valueRequired":true,"valueName":"search_term_string"}}],"inLanguage":"en-US"}]}},"jetpack_shortlink":"https:\/\/wp.me\/P7p2NK-dY","jetpack_likes_enabled":true,"jetpack_sharing_enabled":true,"_links":{"self":[{"href":"https:\/\/www.herzensraum-coaching.at\/en\/wp-json\/wp\/v2\/pages\/866","targetHints":{"allow":["GET"]}}],"collection":[{"href":"https:\/\/www.herzensraum-coaching.at\/en\/wp-json\/wp\/v2\/pages"}],"about":[{"href":"https:\/\/www.herzensraum-coaching.at\/en\/wp-json\/wp\/v2\/types\/page"}],"author":[{"embeddable":true,"href":"https:\/\/www.herzensraum-coaching.at\/en\/wp-json\/wp\/v2\/users\/1"}],"replies":[{"embeddable":true,"href":"https:\/\/www.herzensraum-coaching.at\/en\/wp-json\/wp\/v2\/comments?post=866"}],"version-history":[{"count":31,"href":"https:\/\/www.herzensraum-coaching.at\/en\/wp-json\/wp\/v2\/pages\/866\/revisions"}],"predecessor-version":[{"id":2496,"href":"https:\/\/www.herzensraum-coaching.at\/en\/wp-json\/wp\/v2\/pages\/866\/revisions\/2496"}],"up":[{"embeddable":true,"href":"https:\/\/www.herzensraum-coaching.at\/en\/wp-json\/wp\/v2\/pages\/36"}],"wp:attachment":[{"href":"https:\/\/www.herzensraum-coaching.at\/en\/wp-json\/wp\/v2\/media?parent=866"}],"curies":[{"name":"wp","href":"https:\/\/api.w.org\/{rel}","templated":true}]}}