{"id":665,"date":"2018-09-07T14:59:03","date_gmt":"2018-09-07T12:59:03","guid":{"rendered":"http:\/\/www.herzensraum-coaching.at\/?page_id=665"},"modified":"2025-08-04T15:57:08","modified_gmt":"2025-08-04T13:57:08","slug":"datenschutz","status":"publish","type":"page","link":"https:\/\/www.herzensraum-coaching.at\/en\/datenschutz\/","title":{"rendered":"Data protection"},"content":{"rendered":"<div data-elementor-type=\"wp-page\" data-elementor-id=\"665\" class=\"elementor elementor-665\" data-elementor-post-type=\"page\">\n\t\t\t\t\t\t<section class=\"elementor-section elementor-top-section elementor-element elementor-element-46173a9f elementor-section-boxed elementor-section-height-default elementor-section-height-default\" data-id=\"46173a9f\" data-element_type=\"section\" data-e-type=\"section\">\n\t\t\t\t\t\t<div class=\"elementor-container elementor-column-gap-default\">\n\t\t\t\t\t<div class=\"elementor-column elementor-col-100 elementor-top-column elementor-element elementor-element-60aafc82\" data-id=\"60aafc82\" data-element_type=\"column\" data-e-type=\"column\">\n\t\t\t<div class=\"elementor-widget-wrap elementor-element-populated\">\n\t\t\t\t\t\t<div class=\"elementor-element elementor-element-774cbb40 elementor-widget elementor-widget-text-editor\" data-id=\"774cbb40\" data-element_type=\"widget\" data-e-type=\"widget\" data-widget_type=\"text-editor.default\">\n\t\t\t\t<div class=\"elementor-widget-container\">\n\t\t\t\t\t\t\t\t\t<h1>Datenschutz und Kund*Innen-Informationen<\/h1>\n<div><p><b>Verschwiegenheitspflicht:<\/b><o:p><\/o:p><\/p>\n\n<p>Unsere Gespr\u00e4che sind absolut vertraulich und unterliegen\nder Verschwiegenheitspflicht. Informationen an Dritte werden nur mit Ihrem\nausdr\u00fccklichen Einverst\u00e4ndnis weitergegeben.<o:p><\/o:p><\/p>\n\n<p><i>Die Schweigepflicht entf\u00e4llt im Falle von akuter Selbst-\nund Fremdgef\u00e4hrdung sowie der Kenntnisnahme von Straftaten.<\/i><o:p><\/o:p><\/p>\n\n<p><b style=\"font-size: 1rem;\">Abgrenzung zur Psychotherapie<\/b><\/p>\n\n<p>Als dipl. Lebens- und Sozialberaterin darf ich mit Ihnen an\neiner Vielzahl an Themen im Bereich Ihres pers\u00f6nlichen Wachstums, der\npsychischen Gesundheit, der Selbstfindung, Probleml\u00f6sung, sowie in Beziehungs-\nund Erziehungsfragen arbeiten.<br>\n<br>\nLebens- und Sozialberatung (psychologische Beratung) inkl. Coaching ersetzt\njedoch keine Psychotherapie.<br>\n<br>\nBitte z\u00f6gern Sie daher nicht und geben Sie mir Bescheid, wenn Sie das Gef\u00fchl\nhaben, dass bei Ihnen eine psychische Erkrankung, etwa eine Depression oder\neine Angstst\u00f6rung, vorliegen k\u00f6nnte. In diesem Fall verweise ich Sie gerne an\neine Kollegin oder einen Kollegen aus meinem Expert*innen-Netzwerk, um Ihnen\ndie bestm\u00f6gliche Behandlung und Begleitung zu erm\u00f6glichen.<o:p><\/o:p><\/p><\/div>\n<h1>Datenschutzerkl\u00e4rung<\/h1>\n<p>Der Schutz Ihrer pers\u00f6nlichen Daten ist mir ein besonderes Anliegen. Ich verarbeite Ihre Daten daher ausschlie\u00dflich auf Grundlage der gesetzlichen Bestimmungen (DSGVO, TKG 2003). In diesen Datenschutzinformationen informiere ich Sie \u00fcber die wichtigsten Aspekte der Datenverarbeitung im&nbsp;<strong>Rahmen meiner Webseite<\/strong>.<\/p>\n<h2>1. Datenerfassung auf herzensraum-coaching.at<\/h2>\n<p>Wenn Sie diese Website benutzen, werden verschiedene personenbezogene Daten erhoben. Personenbezogene Daten sind Daten, mit denen Sie pers\u00f6nlich identifiziert werden k\u00f6nnen. Die vorliegende Datenschutzerkl\u00e4rung erl\u00e4utert, welche Daten erhoben und wof\u00fcr diese genutzt werden. Sie erl\u00e4utert auch, wie und zu welchem Zweck das geschieht.<\/p>\n<p>Ich weise darauf hin, dass die Daten\u00fcbertragung im Internet (z.B. bei der Kommunikation per E-Mail) Sicherheitsl\u00fccken aufweisen kann. Ein l\u00fcckenloser Schutz der Daten vor dem Zugriff durch Dritte ist nicht m\u00f6glich.<\/p>\n<h3>1.1. SSL- bzw. TLS-Verschl\u00fcsselung<\/h3>\n<p>Diese Seite nutzt aus Sicherheitsgr\u00fcnden und zum Schutz der \u00dcbertragung vertraulicher Inhalte, wie zum Beispiel Anfragen, die Sie an uns als Seitenbetreiber senden, eine SSL-bzw. TLS-Verschl\u00fcsselung. Eine verschl\u00fcsselte Verbindung erkennen Sie daran, dass die Adresszeile des Browsers von \u201chttp:\/\/\u201d auf \u201chttps:\/\/\u201d wechselt und an dem Schloss-Symbol in Ihrer Browserzeile.<\/p>\n<p>Wenn die SSL- bzw. TLS-Verschl\u00fcsselung aktiviert ist, k\u00f6nnen die Daten, die Sie an uns \u00fcbermitteln, nicht von Dritten mitgelesen werden.<\/p>\n<h3>1.2. Cookies Allgemein<\/h3>\n<p>Die Internetseiten verwenden teilweise so genannte Cookies. Cookies richten auf Ihrem Rechner keinen Schaden an und enthalten keine Viren. Cookies dienen dazu, unser Angebot nutzerfreundlicher, effektiver und sicherer zu machen. Cookies sind kleine Textdateien, die auf Ihrem Rechner abgelegt werden und die Ihr Browser speichert.<\/p>\n<p>Beim Besuch von herzensraum-coaching.at werden Informationen in Form eines Cookies innerhalb Ihrer Browser-Software auf Ihrem Computer abgelegt. Dies sind kleine auf Ihrem Computer gespeicherte Dateien, die eine Wiedererkennung Ihres Computers erm\u00f6glichen. Die Dateien sind jedoch keiner bestimmten Person zuzuordnen. Die meisten der verwendeten Cookies sind sogenannte \u201eSession-Cookies\u201c, die ausschlie\u00dflich f\u00fcr die Dauer Ihrer Nutzung unserer Internetseiten zwischengespeichert werden.<\/p>\n<h3>1.3. Server-Log-Daten<\/h3>\n<p>Der Provider der Seiten erhebt und speichert automatisch Informationen in so genannten Server-Log-Dateien, die Ihr Browser automatisch \u00fcbermittelt. Dies sind:<\/p>\n<ul>\n<li>Browsertyp und Browserversion<\/li>\n<li>verwendetes Betriebssystem<\/li>\n<li>Referrer URL<\/li>\n<li>Hostname des zugreifenden Rechners<\/li>\n<li>Uhrzeit der Serveranfrage<\/li>\n<li>IP-Adresse<\/li>\n<\/ul>\n<p>Eine Zusammenf\u00fchrung dieser Daten mit anderen Datenquellen wird nicht vorgenommen.<\/p>\n<p>Grundlage f\u00fcr die Datenverarbeitung ist Art. 6 Abs. 1 lit. f DSGVO, der die Verarbeitung von Daten zur Erf\u00fcllung eines Vertrags oder vorvertraglicher Ma\u00dfnahmen gestattet.<\/p>\n<h3>1.4. Kontaktformular<\/h3>\n<p>Wenn Sie per Formular auf der Website oder per E-Mail Kontakt mit mir aufnehmen, werden Ihre angegebenen Daten zwecks Bearbeitung der Anfrage und f\u00fcr den Fall von Anschlussfragen zw\u00f6lf Monate bei mir gespeichert. Diese Daten gebe ich nicht ohne Ihre Einwilligung weiter.<\/p>\n<p>Die Verarbeitung der in das Kontaktformular eingegebenen Daten erfolgt zur Erf\u00fcllung vorvertraglicher Ma\u00dfnahmen (Angebotslegung) (Art. 6 Abs. 1 lit. b DSGVO).<\/p>\n<h3>1.5. Kommentarfunktion auf herzensraum-coaching.at<\/h3>\n<p>F\u00fcr die Kommentarfunktion auf dieser Seite werden neben Ihrem Kommentar auch Angaben zum Zeitpunkt der Erstellung des Kommentars, Ihre E-Mail-Adresse und, wenn Sie nicht anonym posten, der von Ihnen gew\u00e4hlte Nutzername gespeichert.<\/p>\n<p><strong>Abonnieren von Kommentaren<\/strong><\/p>\n<p>Als Nutzer der Seite k\u00f6nnen Sie auch meinen Blog abonnieren. Sie erhalten eine Best\u00e4tigungsemail, um zu pr\u00fcfen, ob Sie der Inhaber der angegebenen E-Mail-Adresse sind. Sie k\u00f6nnen diese Funktion jederzeit \u00fcber einen Link in den Info-Mails abbestellen. Die im Rahmen des Abonnierens eingegebenen Daten werden in diesem Fall gel\u00f6scht; wenn Sie diese Daten f\u00fcr andere Zwecke und an anderer Stelle (z.B. Newsletterbestellung) an mich \u00fcbermittelt haben, verbleiben die jedoch bei uns.<\/p>\n<p><strong>Speicherdauer der Kommentare<\/strong><\/p>\n<p>Die Kommentare und die damit verbundenen Daten werden gespeichert und verbleiben auf der Website, bis der kommentierte Inhalt vollst\u00e4ndig gel\u00f6scht wurde oder die Kommentare aus rechtlichen Gr\u00fcnden gel\u00f6scht werden m\u00fcssen (z.B. beleidigende Kommentare).<\/p>\n<p><strong>Rechtsgrundlage<\/strong><\/p>\n<p>Die Speicherung der Kommentare erfolgt auf Grundlage Ihrer Einwilligung (Art. 6 Abs. 1 lit. a DSGVO). Sie k\u00f6nnen eine von Ihnen erteilte Einwilligung jederzeit widerrufen. Dazu reicht eine formlose Mitteilung per E-Mail. Die Rechtm\u00e4\u00dfigkeit der bereits erfolgten Datenverarbeitungsvorg\u00e4nge bleibt vom Widerruf unber\u00fchrt.<\/p>\n<h3>1.6. Social Media Share-Buttons<\/h3>\n<p>\u00dcblicherweise \u00fcbertragen die von den sozialen Netzwerken bereitgestellten Button-L\u00f6sungen bereits dann personenbezogene Daten an das jeweilige soziale Netzwerk, wenn ein Nutzer eine Internetseite besucht, in welche ein Social-Media-Button integriert wurde. Durch die Nutzung der vom Theme bereitgestellten Share-Buttons werden erst dann personenbezogene Daten an soziale Netzwerke \u00fcbermittelt, wenn der Besucher einer Internetseite aktiv einen der Social-Media-Buttons bet\u00e4tigt.<\/p>\n<h3>1.7. Google Analytics<\/h3>\n<p>Diese Website nutzt Funktionen des Webanalysedienstes Google Analytics. Anbieter ist die Google Inc., 1600 Amphitheatre Parkway, Mountain View, CA 94043, USA.<\/p>\n<p>Google Analytics verwendet so genannte \u201eCookies\u201c. Das sind Textdateien, die auf Ihrem Computer gespeichert werden und die eine Analyse der Benutzung der Website durch Sie erm\u00f6glichen. Die durch den Cookie erzeugten Informationen \u00fcber Ihre Benutzung dieser Website werden in der Regel an einen Server von Google in den USA \u00fcbertragen und dort gespeichert.<\/p>\n<p>Die Speicherung von Google-Analytics-Cookies erfolgt auf Grundlage von Art. 6 Abs. 1 lit. f DSGVO. Der Websitebetreiber hat ein berechtigtes Interesse an der Analyse des Nutzerverhaltens, um sowohl sein Webangebot als auch seine Werbung zu optimieren.<\/p>\n<p>Wenn Sie nicht m\u00f6chten, dass Ihre Websiteaktivit\u00e4ten von Google Analytics aufgezeichnet werden, k\u00f6nnen Sie das Browser-Add-on zur Deaktivierung von Google Analytics installieren. So wird verhindert, dass \u00fcber das auf Websites ausgef\u00fchrte JavaScript (ga.js, analytics.js und dc.js) Aktivit\u00e4tsdaten mit Google Analytics geteilt werden. N\u00e4here Informationen und den Downloadlink f\u00fcr das Browser-Add-on finden Sie hier: https:\/\/tools.google.com\/dlpage\/gaoptout?hl=de<\/p>\n<p>Sie k\u00f6nnen die Erfassung Ihrer Daten durch Google Analytics verhindern, indem Sie ein Opt-Out-Cookie setzen, das die Erfassung Ihrer Daten bei zuk\u00fcnftigen Besuchen dieser Website verhindert: Google-Analytics-Opt-Out Cookie setzen<\/p>\n<p>Sie k\u00f6nnen dar\u00fcber hinaus die Erfassung der durch das Cookie erzeugten und auf Ihre Nutzung der Website bezogenen Daten (inkl. Ihrer IP-Adresse) an Google sowie die Verarbeitung dieser Daten durch Google verhindern, indem sie das unter dem folgenden Link verf\u00fcgbare Browser-Plug-in herunterladen und installieren: http:\/\/tools.google.com\/dlpage\/gaoptout?hl=de.<\/p>\n<p>Selbstverst\u00e4ndlich k\u00f6nnen Sie herzensraum-coaching.at auch ohne Cookies betrachten. Sie k\u00f6nnen das Speichern von Cookies auf Ihrer Festplatte verhindern, indem Sie in Ihren Browser-Einstellungen \u201ckeine Cookies akzeptieren\u201d w\u00e4hlen. Wie das im Einzelnen funktioniert, entnehmen Sie bitte der Bedienungsanleitung oder der Hilfefunktion Ihres Browsers. Wenn Sie keine Cookies akzeptieren, kann dieses aber zu gewissen Funktionseinschr\u00e4nkungen f\u00fchren.<\/p>\n<h2>Hinweis zur verantwortlichen Stelle<\/h2>\n<p>Die verantwortliche Stelle f\u00fcr die Datenverarbeitung ist:<\/p>\n<p><strong>Mag. Nicole&nbsp;Riederer<\/strong><br><strong> Coach, Trainerin, Lebens- &amp; Sozialberaterin<\/strong><\/p>\n<p>Rechtsform: Einzelunternehmen<br>Firmensitz: Wien, \u00d6sterreich<br>Gro\u00df Enzersdorfer Stra\u00dfe 74A\/3\/13, 1220 Wien<br>+43 650 968 68 94<br><a href=\"mailto:office@herzensraum-coaching.at\">office(at)herzensraum-coaching.at<\/a><br>www.herzensraum-coaching.at<\/p>\n<p>Verantwortliche Stelle ist die nat\u00fcrliche oder juristische Person, die allein oder gemeinsam mit anderen \u00fcber die Zwecke und Mittel der Verarbeitung von personenbezogenen Daten (z.B. Namen, E-Mail-Adressen o. \u00c4.) entscheidet.<\/p>\n<h2>Rechtsbehelfsbelehrung<\/h2>\n<p>Ihnen stehen grunds\u00e4tzlich die Rechte auf Auskunft, Berichtigung, L\u00f6schung, Einschr\u00e4nkung, Daten\u00fcbertragbarkeit und Widerspruch zu. Daf\u00fcr wenden Sie sich an uns. Wenn Sie glauben, dass die Verarbeitung Ihrer Daten gegen das Datenschutzrecht verst\u00f6\u00dft, oder Ihre datenschutzrechtlichen Anspr\u00fcche sonst in einer Weise verletzt worden sind, k\u00f6nnen Sie bei der Aufsichtsbeh\u00f6rde Beschwerde einreichen. In \u00d6sterreich ist die&nbsp;<a href=\"http:\/\/dsb.gv.at\/\">Datenschutzbeh\u00f6rde<\/a>&nbsp;zust\u00e4ndig.<\/p>\t\t\t\t\t\t\t\t<\/div>\n\t\t\t\t<\/div>\n\t\t\t\t\t<\/div>\n\t\t<\/div>\n\t\t\t\t\t<\/div>\n\t\t<\/section>\n\t\t\t\t<\/div>","protected":false},"excerpt":{"rendered":"<p>Datenschutz und Kund*Innen-Informationen Verschwiegenheitspflicht: Unsere Gespr\u00e4che sind absolut vertraulich und unterliegen der Verschwiegenheitspflicht. Informationen an Dritte werden nur mit Ihrem ausdr\u00fccklichen Einverst\u00e4ndnis weitergegeben. Die Schweigepflicht entf\u00e4llt im Falle von akuter Selbst- und Fremdgef\u00e4hrdung sowie der Kenntnisnahme von Straftaten. Abgrenzung zur Psychotherapie Als dipl. Lebens- und Sozialberaterin darf ich mit Ihnen an einer Vielzahl an Themen [&hellip;]<\/p>\n","protected":false},"author":1,"featured_media":0,"parent":0,"menu_order":0,"comment_status":"closed","ping_status":"closed","template":"elementor_header_footer","meta":{"jetpack_post_was_ever_published":false,"footnotes":""},"class_list":["post-665","page","type-page","status-publish","hentry"],"yoast_head":"<!-- This site is optimized with the Yoast SEO plugin v27.3 - https:\/\/yoast.com\/product\/yoast-seo-wordpress\/ -->\n<title>Datenschutz - Herzensraum-Coaching<\/title>\n<meta name=\"robots\" content=\"index, follow, max-snippet:-1, max-image-preview:large, max-video-preview:-1\" \/>\n<link rel=\"canonical\" href=\"https:\/\/www.herzensraum-coaching.at\/en\/datenschutz\/\" \/>\n<meta property=\"og:locale\" content=\"en_US\" \/>\n<meta property=\"og:type\" content=\"article\" \/>\n<meta property=\"og:title\" content=\"Datenschutz - Herzensraum-Coaching\" \/>\n<meta property=\"og:description\" content=\"Datenschutz und Kund*Innen-Informationen Verschwiegenheitspflicht: Unsere Gespr\u00e4che sind absolut vertraulich und unterliegen der Verschwiegenheitspflicht. Informationen an Dritte werden nur mit Ihrem ausdr\u00fccklichen Einverst\u00e4ndnis weitergegeben. Die Schweigepflicht entf\u00e4llt im Falle von akuter Selbst- und Fremdgef\u00e4hrdung sowie der Kenntnisnahme von Straftaten. Abgrenzung zur Psychotherapie Als dipl. Lebens- und Sozialberaterin darf ich mit Ihnen an einer Vielzahl an Themen [&hellip;]\" \/>\n<meta property=\"og:url\" content=\"https:\/\/www.herzensraum-coaching.at\/en\/datenschutz\/\" \/>\n<meta property=\"og:site_name\" content=\"Herzensraum-Coaching\" \/>\n<meta property=\"article:publisher\" content=\"https:\/\/www.facebook.com\/herzensraum.coaching\/\" \/>\n<meta property=\"article:modified_time\" content=\"2025-08-04T13:57:08+00:00\" \/>\n<meta name=\"twitter:card\" content=\"summary_large_image\" \/>\n<meta name=\"twitter:label1\" content=\"Est. reading time\" \/>\n\t<meta name=\"twitter:data1\" content=\"7 minutes\" \/>\n<script type=\"application\/ld+json\" class=\"yoast-schema-graph\">{\"@context\":\"https:\\\/\\\/schema.org\",\"@graph\":[{\"@type\":\"WebPage\",\"@id\":\"https:\\\/\\\/www.herzensraum-coaching.at\\\/datenschutz\\\/\",\"url\":\"https:\\\/\\\/www.herzensraum-coaching.at\\\/datenschutz\\\/\",\"name\":\"Datenschutz - Herzensraum-Coaching\",\"isPartOf\":{\"@id\":\"https:\\\/\\\/www.herzensraum-coaching.at\\\/#website\"},\"datePublished\":\"2018-09-07T12:59:03+00:00\",\"dateModified\":\"2025-08-04T13:57:08+00:00\",\"breadcrumb\":{\"@id\":\"https:\\\/\\\/www.herzensraum-coaching.at\\\/datenschutz\\\/#breadcrumb\"},\"inLanguage\":\"en-US\",\"potentialAction\":[{\"@type\":\"ReadAction\",\"target\":[\"https:\\\/\\\/www.herzensraum-coaching.at\\\/datenschutz\\\/\"]}]},{\"@type\":\"BreadcrumbList\",\"@id\":\"https:\\\/\\\/www.herzensraum-coaching.at\\\/datenschutz\\\/#breadcrumb\",\"itemListElement\":[{\"@type\":\"ListItem\",\"position\":1,\"name\":\"Startseite\",\"item\":\"https:\\\/\\\/www.herzensraum-coaching.at\\\/\"},{\"@type\":\"ListItem\",\"position\":2,\"name\":\"Datenschutz\"}]},{\"@type\":\"WebSite\",\"@id\":\"https:\\\/\\\/www.herzensraum-coaching.at\\\/#website\",\"url\":\"https:\\\/\\\/www.herzensraum-coaching.at\\\/\",\"name\":\"Herzensraum-Coaching\",\"description\":\"Mag. Nicole Riederer\",\"potentialAction\":[{\"@type\":\"SearchAction\",\"target\":{\"@type\":\"EntryPoint\",\"urlTemplate\":\"https:\\\/\\\/www.herzensraum-coaching.at\\\/?s={search_term_string}\"},\"query-input\":{\"@type\":\"PropertyValueSpecification\",\"valueRequired\":true,\"valueName\":\"search_term_string\"}}],\"inLanguage\":\"en-US\"}]}<\/script>\n<!-- \/ Yoast SEO plugin. -->","yoast_head_json":{"title":"Datenschutz - Herzensraum-Coaching","robots":{"index":"index","follow":"follow","max-snippet":"max-snippet:-1","max-image-preview":"max-image-preview:large","max-video-preview":"max-video-preview:-1"},"canonical":"https:\/\/www.herzensraum-coaching.at\/en\/datenschutz\/","og_locale":"en_US","og_type":"article","og_title":"Datenschutz - Herzensraum-Coaching","og_description":"Datenschutz und Kund*Innen-Informationen Verschwiegenheitspflicht: Unsere Gespr\u00e4che sind absolut vertraulich und unterliegen der Verschwiegenheitspflicht. Informationen an Dritte werden nur mit Ihrem ausdr\u00fccklichen Einverst\u00e4ndnis weitergegeben. Die Schweigepflicht entf\u00e4llt im Falle von akuter Selbst- und Fremdgef\u00e4hrdung sowie der Kenntnisnahme von Straftaten. Abgrenzung zur Psychotherapie Als dipl. Lebens- und Sozialberaterin darf ich mit Ihnen an einer Vielzahl an Themen [&hellip;]","og_url":"https:\/\/www.herzensraum-coaching.at\/en\/datenschutz\/","og_site_name":"Herzensraum-Coaching","article_publisher":"https:\/\/www.facebook.com\/herzensraum.coaching\/","article_modified_time":"2025-08-04T13:57:08+00:00","twitter_card":"summary_large_image","twitter_misc":{"Est. reading time":"7 minutes"},"schema":{"@context":"https:\/\/schema.org","@graph":[{"@type":"WebPage","@id":"https:\/\/www.herzensraum-coaching.at\/datenschutz\/","url":"https:\/\/www.herzensraum-coaching.at\/datenschutz\/","name":"Datenschutz - Herzensraum-Coaching","isPartOf":{"@id":"https:\/\/www.herzensraum-coaching.at\/#website"},"datePublished":"2018-09-07T12:59:03+00:00","dateModified":"2025-08-04T13:57:08+00:00","breadcrumb":{"@id":"https:\/\/www.herzensraum-coaching.at\/datenschutz\/#breadcrumb"},"inLanguage":"en-US","potentialAction":[{"@type":"ReadAction","target":["https:\/\/www.herzensraum-coaching.at\/datenschutz\/"]}]},{"@type":"BreadcrumbList","@id":"https:\/\/www.herzensraum-coaching.at\/datenschutz\/#breadcrumb","itemListElement":[{"@type":"ListItem","position":1,"name":"Startseite","item":"https:\/\/www.herzensraum-coaching.at\/"},{"@type":"ListItem","position":2,"name":"Datenschutz"}]},{"@type":"WebSite","@id":"https:\/\/www.herzensraum-coaching.at\/#website","url":"https:\/\/www.herzensraum-coaching.at\/","name":"Herzensraum-Coaching","description":"Mag. Nicole Riederer","potentialAction":[{"@type":"SearchAction","target":{"@type":"EntryPoint","urlTemplate":"https:\/\/www.herzensraum-coaching.at\/?s={search_term_string}"},"query-input":{"@type":"PropertyValueSpecification","valueRequired":true,"valueName":"search_term_string"}}],"inLanguage":"en-US"}]}},"jetpack_shortlink":"https:\/\/wp.me\/P7p2NK-aJ","jetpack_likes_enabled":true,"jetpack_sharing_enabled":true,"_links":{"self":[{"href":"https:\/\/www.herzensraum-coaching.at\/en\/wp-json\/wp\/v2\/pages\/665","targetHints":{"allow":["GET"]}}],"collection":[{"href":"https:\/\/www.herzensraum-coaching.at\/en\/wp-json\/wp\/v2\/pages"}],"about":[{"href":"https:\/\/www.herzensraum-coaching.at\/en\/wp-json\/wp\/v2\/types\/page"}],"author":[{"embeddable":true,"href":"https:\/\/www.herzensraum-coaching.at\/en\/wp-json\/wp\/v2\/users\/1"}],"replies":[{"embeddable":true,"href":"https:\/\/www.herzensraum-coaching.at\/en\/wp-json\/wp\/v2\/comments?post=665"}],"version-history":[{"count":16,"href":"https:\/\/www.herzensraum-coaching.at\/en\/wp-json\/wp\/v2\/pages\/665\/revisions"}],"predecessor-version":[{"id":2369,"href":"https:\/\/www.herzensraum-coaching.at\/en\/wp-json\/wp\/v2\/pages\/665\/revisions\/2369"}],"wp:attachment":[{"href":"https:\/\/www.herzensraum-coaching.at\/en\/wp-json\/wp\/v2\/media?parent=665"}],"curies":[{"name":"wp","href":"https:\/\/api.w.org\/{rel}","templated":true}]}}