{"id":36,"date":"2016-03-17T16:23:47","date_gmt":"2016-03-17T15:23:47","guid":{"rendered":"http:\/\/www.herzensraum-coaching.at\/?page_id=36"},"modified":"2024-06-12T10:47:42","modified_gmt":"2024-06-12T08:47:42","slug":"impressum","status":"publish","type":"page","link":"https:\/\/www.herzensraum-coaching.at\/en\/impressum\/","title":{"rendered":"Imprint"},"content":{"rendered":"<div data-elementor-type=\"wp-page\" data-elementor-id=\"36\" class=\"elementor elementor-36\" data-elementor-post-type=\"page\">\n\t\t\t\t\t\t<section class=\"elementor-section elementor-top-section elementor-element elementor-element-29e6345a elementor-section-boxed elementor-section-height-default elementor-section-height-default\" data-id=\"29e6345a\" data-element_type=\"section\" data-e-type=\"section\">\n\t\t\t\t\t\t<div class=\"elementor-container elementor-column-gap-default\">\n\t\t\t\t\t<div class=\"elementor-column elementor-col-100 elementor-top-column elementor-element elementor-element-1ba58e4\" data-id=\"1ba58e4\" data-element_type=\"column\" data-e-type=\"column\">\n\t\t\t<div class=\"elementor-widget-wrap elementor-element-populated\">\n\t\t\t\t\t\t<div class=\"elementor-element elementor-element-6cf8a56e elementor-widget elementor-widget-text-editor\" data-id=\"6cf8a56e\" data-element_type=\"widget\" data-e-type=\"widget\" data-widget_type=\"text-editor.default\">\n\t\t\t\t<div class=\"elementor-widget-container\">\n\t\t\t\t\t\t\t\t\t<p><strong>Mag. Nicole\u00a0Riederer<\/strong><br \/><strong> Coach, Trainerin, dipl. Lebens- &amp; Sozialberaterin\u00a0<\/strong><\/p>\n<p>Unternehmensgegenstand: Dipl. Lebens- und Sozialberatung \u2013 psychologische Beratung<br \/>Rechtsform: Einzelunternehmen<br \/>Firmensitz: Wien, \u00d6sterreich<br \/>Viktor-Wittner-Gasse 31\/10, 1220 Wien<br \/>+43 650 968 68 94<br \/><a href=\"mailto:office@herzensraum-coaching.at\">office(at)herzensraum-coaching.at<\/a><br \/>www.herzensraum-coaching.at<\/p>\n<p>Zweck und Inhalt der Website: Informationen \u00fcber Unternehmensangebot und themenverwandte Beitr\u00e4ge<\/p>\n<p><a href=\"https:\/\/www.future.at\"><img decoding=\"async\" data-attachment-id=\"879\" data-permalink=\"https:\/\/www.herzensraum-coaching.at\/en\/future_qualified_logo_core-coach\/\" data-orig-file=\"https:\/\/www.herzensraum-coaching.at\/wp-content\/uploads\/2019\/10\/Future_Qualified_Logo_Core-Coach.jpg\" data-orig-size=\"1417,827\" data-comments-opened=\"1\" data-image-meta=\"{&quot;aperture&quot;:&quot;0&quot;,&quot;credit&quot;:&quot;&quot;,&quot;camera&quot;:&quot;&quot;,&quot;caption&quot;:&quot;&quot;,&quot;created_timestamp&quot;:&quot;0&quot;,&quot;copyright&quot;:&quot;&quot;,&quot;focal_length&quot;:&quot;0&quot;,&quot;iso&quot;:&quot;0&quot;,&quot;shutter_speed&quot;:&quot;0&quot;,&quot;title&quot;:&quot;&quot;,&quot;orientation&quot;:&quot;0&quot;}\" data-image-title=\"Future_Qualified_Logo_Core-Coach\" data-image-description=\"\" data-image-caption=\"\" data-medium-file=\"https:\/\/www.herzensraum-coaching.at\/wp-content\/uploads\/2019\/10\/Future_Qualified_Logo_Core-Coach-300x175.jpg\" data-large-file=\"https:\/\/www.herzensraum-coaching.at\/wp-content\/uploads\/2019\/10\/Future_Qualified_Logo_Core-Coach-1024x598.jpg\" class=\"alignleft wp-image-879\" src=\"http:\/\/www.herzensraum-coaching.at\/wp-content\/uploads\/2019\/10\/Future_Qualified_Logo_Core-Coach-300x175.jpg\" alt=\"\" width=\"170\" height=\"99\" srcset=\"https:\/\/www.herzensraum-coaching.at\/wp-content\/uploads\/2019\/10\/Future_Qualified_Logo_Core-Coach-300x175.jpg 300w, https:\/\/www.herzensraum-coaching.at\/wp-content\/uploads\/2019\/10\/Future_Qualified_Logo_Core-Coach-768x448.jpg 768w, https:\/\/www.herzensraum-coaching.at\/wp-content\/uploads\/2019\/10\/Future_Qualified_Logo_Core-Coach-1024x598.jpg 1024w, https:\/\/www.herzensraum-coaching.at\/wp-content\/uploads\/2019\/10\/Future_Qualified_Logo_Core-Coach.jpg 1417w\" sizes=\"(max-width: 170px) 100vw, 170px\" \/><\/a><a href=\"https:\/\/www.wko.at\/site\/ImpulsPro\/Lebensberatung.html\"><img decoding=\"async\" data-attachment-id=\"883\" data-permalink=\"https:\/\/www.herzensraum-coaching.at\/en\/impuls\/\" data-orig-file=\"https:\/\/www.herzensraum-coaching.at\/wp-content\/uploads\/2019\/10\/Impuls_pro_RGB-2-e1572499982168.jpg\" data-orig-size=\"119,150\" data-comments-opened=\"1\" data-image-meta=\"{&quot;aperture&quot;:&quot;0&quot;,&quot;credit&quot;:&quot;&quot;,&quot;camera&quot;:&quot;&quot;,&quot;caption&quot;:&quot;&quot;,&quot;created_timestamp&quot;:&quot;0&quot;,&quot;copyright&quot;:&quot;&quot;,&quot;focal_length&quot;:&quot;0&quot;,&quot;iso&quot;:&quot;0&quot;,&quot;shutter_speed&quot;:&quot;0&quot;,&quot;title&quot;:&quot;Druck&quot;,&quot;orientation&quot;:&quot;1&quot;}\" data-image-title=\"Impuls Pro Logo\" data-image-description=\"\" data-image-caption=\"\" data-medium-file=\"https:\/\/www.herzensraum-coaching.at\/wp-content\/uploads\/2019\/10\/Impuls_pro_RGB-2-238x300.jpg\" data-large-file=\"https:\/\/www.herzensraum-coaching.at\/wp-content\/uploads\/2019\/10\/Impuls_pro_RGB-2-811x1024.jpg\" class=\"wp-image-883 alignnone\" src=\"http:\/\/www.herzensraum-coaching.at\/wp-content\/uploads\/2019\/10\/Impuls_pro_RGB-2-238x300.jpg\" alt=\"\" width=\"74\" height=\"93\" \/><\/a><\/p>\n<p>\u00a0<\/p>\n<h1>Informationen zu E-Commerce und Mediengesetz<\/h1>\n<p>Zugang zu den Rechtsvorschriften:<br \/><a href=\"http:\/\/www.ris.bka.gv.at\" target=\"_blank\" rel=\"noopener noreferrer\">www.ris.bka.gv.at<\/a><br \/><a href=\"http:\/\/www.wko.at\" target=\"_blank\" rel=\"noopener noreferrer\">www.wko.at<\/a><\/p>\n<p><a href=\"https:\/\/www.wkoecg.at\/Web\/Ecg.aspx?FirmaID=95c4f799-8247-4795-8a23-00fddd487cc0\" target=\"_blank\" rel=\"noopener noreferrer\"><img decoding=\"async\" style=\"border: 0px;\" src=\"https:\/\/www.wkoecg.at\/Web\/Library\/img\/ecg.gif\" alt=\"Informationen zu E-Commerce und Mediengesetz\" \/><\/a><\/p>\n<p><strong>Urheberrecht<br \/><\/strong>S\u00e4mtliche Inhalte der Homepage sind rechtlich gesch\u00fctzt. Das Verwenden, Vervielf\u00e4ltigen sowie Ver\u00e4ndern der Inhalte\/Texte, Bilder etc., bedarf einer schriftlichen Genehmigung der Seitenbetreiberin. Das reine Verlinken auf alle Inhalte dieser Homepage ist jedoch erlaubt und bedarf keiner besonderen Genehmigung, sofern der Quellennachweis in Form eines Linkes und dementsprechender Beschriftung gesetzt wird.<\/p>\n<p><strong>Haftungsausschluss<br \/><\/strong>Es wird darauf hingewiesen, dass f\u00fcr die Richtigkeit, Aktualit\u00e4t, Vollst\u00e4ndigkeit und Verf\u00fcgbarkeit der gebotenen Informationen und downloadbaren Inhalten keine Gew\u00e4hrleistung\/Haftung \u00fcbernommen wird. Insbesondere k\u00f6nnen keinerlei Rechtsanspr\u00fcche, aufgrund der verwendeten Informationen geltend gemacht werden.<br \/>Des Weiteren wird auch keine Haftung\/Gew\u00e4hrleistung f\u00fcr Inhalt, Richtigkeit, Aktualit\u00e4t, Vollst\u00e4ndigkeit und Verf\u00fcgbarkeit von Verweisen und Links \u00fcbernommen.<\/p>\n<p><strong>Text:<\/strong> Nicole\u00a0Riederer<br \/><strong>Grafik-Design Logo:<\/strong> Lini Chubawa<br \/><strong>Web-Design: <\/strong><a href=\"https:\/\/www.simonhorcher.com\/\" target=\"_blank\" rel=\"noopener\">Simon Horcher<\/a><strong><br \/><\/strong><strong>Fotos:<\/strong> Nicole\u00a0Riederer (Landschaft), Barbara Lachner (Portrait): <a href=\"http:\/\/www.barbaralachner.at\/\" target=\"_blank\" rel=\"noopener noreferrer\">www.barbaralachner.at<\/a><\/p>\n<h2>Gender-Hinweis<\/h2>\n<p>Als moderne Unternehmerin lege ich gro\u00dfen Wert auf die Gleichberechtigung von Frauen und M\u00e4nnern.<br \/>Auf dieser Website wird aus Gr\u00fcnden der besseren Lesbarkeit und der Optik die m\u00e4nnliche Form eines Begriffs benutzt. Selbstverst\u00e4ndlich bezieht sich dieser Begriff sowohl auf weibliche wie auch auf m\u00e4nnliche Personen.<\/p>\n<h2>Data protection<\/h2>\n<p>Ihre pers\u00f6nlichen Daten werden selbstverst\u00e4ndlich vertraulich behandelt und nicht an Dritte weitergegeben. Die Datenschutzerkl\u00e4rung ist unter <a href=\"http:\/\/www.herzensraum-coaching.at\/en\/impressum\/datenschutz\/\">http:\/\/www.herzensraum-coaching.at\/impressum\/datenschutz\/<\/a> zu finden.<\/p>\n\n<p>\u00a0<\/p>\n\t\t\t\t\t\t\t\t<\/div>\n\t\t\t\t<\/div>\n\t\t\t\t\t<\/div>\n\t\t<\/div>\n\t\t\t\t\t<\/div>\n\t\t<\/section>\n\t\t\t\t<\/div>","protected":false},"excerpt":{"rendered":"<p>Mag. Nicole\u00a0Riederer Coach, Trainerin, dipl. Lebens- &amp; Sozialberaterin\u00a0 Unternehmensgegenstand: Dipl. Lebens- und Sozialberatung \u2013 psychologische BeratungRechtsform: EinzelunternehmenFirmensitz: Wien, \u00d6sterreichViktor-Wittner-Gasse 31\/10, 1220 Wien+43 650 968 68 94office(at)herzensraum-coaching.atwww.herzensraum-coaching.at Zweck und Inhalt der Website: Informationen \u00fcber Unternehmensangebot und themenverwandte Beitr\u00e4ge \u00a0 Informationen zu E-Commerce und Mediengesetz Zugang zu den Rechtsvorschriften:www.ris.bka.gv.atwww.wko.at UrheberrechtS\u00e4mtliche Inhalte der Homepage sind rechtlich gesch\u00fctzt. Das [&hellip;]<\/p>\n","protected":false},"author":1,"featured_media":0,"parent":0,"menu_order":10,"comment_status":"closed","ping_status":"closed","template":"elementor_header_footer","meta":{"jetpack_post_was_ever_published":false,"footnotes":""},"class_list":["post-36","page","type-page","status-publish","hentry"],"yoast_head":"<!-- This site is optimized with the Yoast SEO plugin v27.3 - https:\/\/yoast.com\/product\/yoast-seo-wordpress\/ -->\n<title>Impressum - Herzensraum-Coaching<\/title>\n<meta name=\"robots\" content=\"index, follow, max-snippet:-1, max-image-preview:large, max-video-preview:-1\" \/>\n<link rel=\"canonical\" href=\"https:\/\/www.herzensraum-coaching.at\/en\/impressum\/\" \/>\n<meta property=\"og:locale\" content=\"en_US\" \/>\n<meta property=\"og:type\" content=\"article\" \/>\n<meta property=\"og:title\" content=\"Impressum - Herzensraum-Coaching\" \/>\n<meta property=\"og:description\" content=\"Mag. Nicole\u00a0Riederer Coach, Trainerin, dipl. Lebens- &amp; Sozialberaterin\u00a0 Unternehmensgegenstand: Dipl. Lebens- und Sozialberatung \u2013 psychologische BeratungRechtsform: EinzelunternehmenFirmensitz: Wien, \u00d6sterreichViktor-Wittner-Gasse 31\/10, 1220 Wien+43 650 968 68 94office(at)herzensraum-coaching.atwww.herzensraum-coaching.at Zweck und Inhalt der Website: Informationen \u00fcber Unternehmensangebot und themenverwandte Beitr\u00e4ge \u00a0 Informationen zu E-Commerce und Mediengesetz Zugang zu den Rechtsvorschriften:www.ris.bka.gv.atwww.wko.at UrheberrechtS\u00e4mtliche Inhalte der Homepage sind rechtlich gesch\u00fctzt. Das [&hellip;]\" \/>\n<meta property=\"og:url\" content=\"https:\/\/www.herzensraum-coaching.at\/en\/impressum\/\" \/>\n<meta property=\"og:site_name\" content=\"Herzensraum-Coaching\" \/>\n<meta property=\"article:publisher\" content=\"https:\/\/www.facebook.com\/herzensraum.coaching\/\" \/>\n<meta property=\"article:modified_time\" content=\"2024-06-12T08:47:42+00:00\" \/>\n<meta property=\"og:image\" content=\"http:\/\/www.herzensraum-coaching.at\/wp-content\/uploads\/2019\/10\/Future_Qualified_Logo_Core-Coach-300x175.jpg\" \/>\n<meta name=\"twitter:card\" content=\"summary_large_image\" \/>\n<meta name=\"twitter:label1\" content=\"Est. reading time\" \/>\n\t<meta name=\"twitter:data1\" content=\"2 minutes\" \/>\n<script type=\"application\/ld+json\" class=\"yoast-schema-graph\">{\"@context\":\"https:\\\/\\\/schema.org\",\"@graph\":[{\"@type\":\"WebPage\",\"@id\":\"https:\\\/\\\/www.herzensraum-coaching.at\\\/impressum\\\/\",\"url\":\"https:\\\/\\\/www.herzensraum-coaching.at\\\/impressum\\\/\",\"name\":\"Impressum - Herzensraum-Coaching\",\"isPartOf\":{\"@id\":\"https:\\\/\\\/www.herzensraum-coaching.at\\\/#website\"},\"primaryImageOfPage\":{\"@id\":\"https:\\\/\\\/www.herzensraum-coaching.at\\\/impressum\\\/#primaryimage\"},\"image\":{\"@id\":\"https:\\\/\\\/www.herzensraum-coaching.at\\\/impressum\\\/#primaryimage\"},\"thumbnailUrl\":\"http:\\\/\\\/www.herzensraum-coaching.at\\\/wp-content\\\/uploads\\\/2019\\\/10\\\/Future_Qualified_Logo_Core-Coach-300x175.jpg\",\"datePublished\":\"2016-03-17T15:23:47+00:00\",\"dateModified\":\"2024-06-12T08:47:42+00:00\",\"breadcrumb\":{\"@id\":\"https:\\\/\\\/www.herzensraum-coaching.at\\\/impressum\\\/#breadcrumb\"},\"inLanguage\":\"en-US\",\"potentialAction\":[{\"@type\":\"ReadAction\",\"target\":[\"https:\\\/\\\/www.herzensraum-coaching.at\\\/impressum\\\/\"]}]},{\"@type\":\"ImageObject\",\"inLanguage\":\"en-US\",\"@id\":\"https:\\\/\\\/www.herzensraum-coaching.at\\\/impressum\\\/#primaryimage\",\"url\":\"http:\\\/\\\/www.herzensraum-coaching.at\\\/wp-content\\\/uploads\\\/2019\\\/10\\\/Future_Qualified_Logo_Core-Coach-300x175.jpg\",\"contentUrl\":\"http:\\\/\\\/www.herzensraum-coaching.at\\\/wp-content\\\/uploads\\\/2019\\\/10\\\/Future_Qualified_Logo_Core-Coach-300x175.jpg\"},{\"@type\":\"BreadcrumbList\",\"@id\":\"https:\\\/\\\/www.herzensraum-coaching.at\\\/impressum\\\/#breadcrumb\",\"itemListElement\":[{\"@type\":\"ListItem\",\"position\":1,\"name\":\"Startseite\",\"item\":\"https:\\\/\\\/www.herzensraum-coaching.at\\\/\"},{\"@type\":\"ListItem\",\"position\":2,\"name\":\"Impressum\"}]},{\"@type\":\"WebSite\",\"@id\":\"https:\\\/\\\/www.herzensraum-coaching.at\\\/#website\",\"url\":\"https:\\\/\\\/www.herzensraum-coaching.at\\\/\",\"name\":\"Herzensraum-Coaching\",\"description\":\"Mag. Nicole Riederer\",\"potentialAction\":[{\"@type\":\"SearchAction\",\"target\":{\"@type\":\"EntryPoint\",\"urlTemplate\":\"https:\\\/\\\/www.herzensraum-coaching.at\\\/?s={search_term_string}\"},\"query-input\":{\"@type\":\"PropertyValueSpecification\",\"valueRequired\":true,\"valueName\":\"search_term_string\"}}],\"inLanguage\":\"en-US\"}]}<\/script>\n<!-- \/ Yoast SEO plugin. -->","yoast_head_json":{"title":"Impressum - Herzensraum-Coaching","robots":{"index":"index","follow":"follow","max-snippet":"max-snippet:-1","max-image-preview":"max-image-preview:large","max-video-preview":"max-video-preview:-1"},"canonical":"https:\/\/www.herzensraum-coaching.at\/en\/impressum\/","og_locale":"en_US","og_type":"article","og_title":"Impressum - Herzensraum-Coaching","og_description":"Mag. Nicole\u00a0Riederer Coach, Trainerin, dipl. Lebens- &amp; Sozialberaterin\u00a0 Unternehmensgegenstand: Dipl. Lebens- und Sozialberatung \u2013 psychologische BeratungRechtsform: EinzelunternehmenFirmensitz: Wien, \u00d6sterreichViktor-Wittner-Gasse 31\/10, 1220 Wien+43 650 968 68 94office(at)herzensraum-coaching.atwww.herzensraum-coaching.at Zweck und Inhalt der Website: Informationen \u00fcber Unternehmensangebot und themenverwandte Beitr\u00e4ge \u00a0 Informationen zu E-Commerce und Mediengesetz Zugang zu den Rechtsvorschriften:www.ris.bka.gv.atwww.wko.at UrheberrechtS\u00e4mtliche Inhalte der Homepage sind rechtlich gesch\u00fctzt. Das [&hellip;]","og_url":"https:\/\/www.herzensraum-coaching.at\/en\/impressum\/","og_site_name":"Herzensraum-Coaching","article_publisher":"https:\/\/www.facebook.com\/herzensraum.coaching\/","article_modified_time":"2024-06-12T08:47:42+00:00","og_image":[{"url":"http:\/\/www.herzensraum-coaching.at\/wp-content\/uploads\/2019\/10\/Future_Qualified_Logo_Core-Coach-300x175.jpg","type":"","width":"","height":""}],"twitter_card":"summary_large_image","twitter_misc":{"Est. reading time":"2 minutes"},"schema":{"@context":"https:\/\/schema.org","@graph":[{"@type":"WebPage","@id":"https:\/\/www.herzensraum-coaching.at\/impressum\/","url":"https:\/\/www.herzensraum-coaching.at\/impressum\/","name":"Impressum - Herzensraum-Coaching","isPartOf":{"@id":"https:\/\/www.herzensraum-coaching.at\/#website"},"primaryImageOfPage":{"@id":"https:\/\/www.herzensraum-coaching.at\/impressum\/#primaryimage"},"image":{"@id":"https:\/\/www.herzensraum-coaching.at\/impressum\/#primaryimage"},"thumbnailUrl":"http:\/\/www.herzensraum-coaching.at\/wp-content\/uploads\/2019\/10\/Future_Qualified_Logo_Core-Coach-300x175.jpg","datePublished":"2016-03-17T15:23:47+00:00","dateModified":"2024-06-12T08:47:42+00:00","breadcrumb":{"@id":"https:\/\/www.herzensraum-coaching.at\/impressum\/#breadcrumb"},"inLanguage":"en-US","potentialAction":[{"@type":"ReadAction","target":["https:\/\/www.herzensraum-coaching.at\/impressum\/"]}]},{"@type":"ImageObject","inLanguage":"en-US","@id":"https:\/\/www.herzensraum-coaching.at\/impressum\/#primaryimage","url":"http:\/\/www.herzensraum-coaching.at\/wp-content\/uploads\/2019\/10\/Future_Qualified_Logo_Core-Coach-300x175.jpg","contentUrl":"http:\/\/www.herzensraum-coaching.at\/wp-content\/uploads\/2019\/10\/Future_Qualified_Logo_Core-Coach-300x175.jpg"},{"@type":"BreadcrumbList","@id":"https:\/\/www.herzensraum-coaching.at\/impressum\/#breadcrumb","itemListElement":[{"@type":"ListItem","position":1,"name":"Startseite","item":"https:\/\/www.herzensraum-coaching.at\/"},{"@type":"ListItem","position":2,"name":"Impressum"}]},{"@type":"WebSite","@id":"https:\/\/www.herzensraum-coaching.at\/#website","url":"https:\/\/www.herzensraum-coaching.at\/","name":"Herzensraum-Coaching","description":"Mag. Nicole Riederer","potentialAction":[{"@type":"SearchAction","target":{"@type":"EntryPoint","urlTemplate":"https:\/\/www.herzensraum-coaching.at\/?s={search_term_string}"},"query-input":{"@type":"PropertyValueSpecification","valueRequired":true,"valueName":"search_term_string"}}],"inLanguage":"en-US"}]}},"jetpack_shortlink":"https:\/\/wp.me\/P7p2NK-A","jetpack_likes_enabled":true,"jetpack_sharing_enabled":true,"_links":{"self":[{"href":"https:\/\/www.herzensraum-coaching.at\/en\/wp-json\/wp\/v2\/pages\/36","targetHints":{"allow":["GET"]}}],"collection":[{"href":"https:\/\/www.herzensraum-coaching.at\/en\/wp-json\/wp\/v2\/pages"}],"about":[{"href":"https:\/\/www.herzensraum-coaching.at\/en\/wp-json\/wp\/v2\/types\/page"}],"author":[{"embeddable":true,"href":"https:\/\/www.herzensraum-coaching.at\/en\/wp-json\/wp\/v2\/users\/1"}],"replies":[{"embeddable":true,"href":"https:\/\/www.herzensraum-coaching.at\/en\/wp-json\/wp\/v2\/comments?post=36"}],"version-history":[{"count":66,"href":"https:\/\/www.herzensraum-coaching.at\/en\/wp-json\/wp\/v2\/pages\/36\/revisions"}],"predecessor-version":[{"id":2099,"href":"https:\/\/www.herzensraum-coaching.at\/en\/wp-json\/wp\/v2\/pages\/36\/revisions\/2099"}],"wp:attachment":[{"href":"https:\/\/www.herzensraum-coaching.at\/en\/wp-json\/wp\/v2\/media?parent=36"}],"curies":[{"name":"wp","href":"https:\/\/api.w.org\/{rel}","templated":true}]}}