{"id":28,"date":"2016-03-17T16:22:00","date_gmt":"2016-03-17T15:22:00","guid":{"rendered":"http:\/\/www.herzensraum-coaching.at\/?page_id=28"},"modified":"2026-02-20T14:54:03","modified_gmt":"2026-02-20T13:54:03","slug":"coaching","status":"publish","type":"page","link":"https:\/\/www.herzensraum-coaching.at\/en\/coaching\/","title":{"rendered":"Coaching"},"content":{"rendered":"<div data-elementor-type=\"wp-page\" data-elementor-id=\"28\" class=\"elementor elementor-28\" data-elementor-post-type=\"page\">\n\t\t\t\t\t\t<section class=\"elementor-section elementor-top-section elementor-element elementor-element-5c9b8eb6 elementor-section-boxed elementor-section-height-default elementor-section-height-default\" data-id=\"5c9b8eb6\" data-element_type=\"section\" data-e-type=\"section\" data-settings=\"{&quot;background_background&quot;:&quot;classic&quot;}\">\n\t\t\t\t\t\t\t<div class=\"elementor-background-overlay\"><\/div>\n\t\t\t\t\t\t\t<div class=\"elementor-container elementor-column-gap-default\">\n\t\t\t\t\t<div class=\"elementor-column elementor-col-100 elementor-top-column elementor-element elementor-element-5abf945a\" data-id=\"5abf945a\" data-element_type=\"column\" data-e-type=\"column\" data-settings=\"{&quot;background_background&quot;:&quot;classic&quot;}\">\n\t\t\t<div class=\"elementor-widget-wrap elementor-element-populated\">\n\t\t\t\t\t\t<div class=\"elementor-element elementor-element-6432bc90 elementor-widget elementor-widget-heading\" data-id=\"6432bc90\" data-element_type=\"widget\" data-e-type=\"widget\" data-widget_type=\"heading.default\">\n\t\t\t\t<div class=\"elementor-widget-container\">\n\t\t\t\t\t<h1 class=\"elementor-heading-title elementor-size-default\">Coaching<\/h1>\t\t\t\t<\/div>\n\t\t\t\t<\/div>\n\t\t\t\t<div class=\"elementor-element elementor-element-2e7e2154 elementor-widget-divider--view-line elementor-widget elementor-widget-divider\" data-id=\"2e7e2154\" data-element_type=\"widget\" data-e-type=\"widget\" data-widget_type=\"divider.default\">\n\t\t\t\t<div class=\"elementor-widget-container\">\n\t\t\t\t\t\t\t<div class=\"elementor-divider\">\n\t\t\t<span class=\"elementor-divider-separator\">\n\t\t\t\t\t\t<\/span>\n\t\t<\/div>\n\t\t\t\t\t\t<\/div>\n\t\t\t\t<\/div>\n\t\t\t\t<section class=\"elementor-section elementor-inner-section elementor-element elementor-element-2b705809 elementor-section-boxed elementor-section-height-default elementor-section-height-default\" data-id=\"2b705809\" data-element_type=\"section\" data-e-type=\"section\">\n\t\t\t\t\t\t<div class=\"elementor-container elementor-column-gap-default\">\n\t\t\t\t\t<div class=\"elementor-column elementor-col-16 elementor-inner-column elementor-element elementor-element-7dbfe2d3\" data-id=\"7dbfe2d3\" data-element_type=\"column\" data-e-type=\"column\">\n\t\t\t<div class=\"elementor-widget-wrap elementor-element-populated\">\n\t\t\t\t\t\t<div class=\"elementor-element elementor-element-6dca4a5e elementor-view-default elementor-widget elementor-widget-icon\" data-id=\"6dca4a5e\" data-element_type=\"widget\" data-e-type=\"widget\" data-widget_type=\"icon.default\">\n\t\t\t\t<div class=\"elementor-widget-container\">\n\t\t\t\t\t\t\t<div class=\"elementor-icon-wrapper\">\n\t\t\t<div class=\"elementor-icon\">\n\t\t\t<i aria-hidden=\"true\" class=\"fas fa-quote-left\"><\/i>\t\t\t<\/div>\n\t\t<\/div>\n\t\t\t\t\t\t<\/div>\n\t\t\t\t<\/div>\n\t\t\t\t\t<\/div>\n\t\t<\/div>\n\t\t\t\t<div class=\"elementor-column elementor-col-66 elementor-inner-column elementor-element elementor-element-4a498287\" data-id=\"4a498287\" data-element_type=\"column\" data-e-type=\"column\">\n\t\t\t<div class=\"elementor-widget-wrap elementor-element-populated\">\n\t\t\t\t\t\t<div class=\"elementor-element elementor-element-15377a18 elementor-widget elementor-widget-testimonial\" data-id=\"15377a18\" data-element_type=\"widget\" data-e-type=\"widget\" data-widget_type=\"testimonial.default\">\n\t\t\t\t<div class=\"elementor-widget-container\">\n\t\t\t\t\t\t\t<div class=\"elementor-testimonial-wrapper\">\n\t\t\t\t\t\t\t<div class=\"elementor-testimonial-content\">Die Hummel wiegt 4,8 Gramm.\nSie hat eine Fl\u00fcgelfl\u00e4che von 1,45cm\u00b2, bei einem Fl\u00e4chenwinkel von 6 Grad.\nNach allen Gesetzen der Aerodynamik kann sie nicht fliegen.\nDer Hummel ist das egal.<\/div>\n\t\t\t\n\t\t\t\t\t\t<div class=\"elementor-testimonial-meta\">\n\t\t\t\t<div class=\"elementor-testimonial-meta-inner\">\n\t\t\t\t\t\n\t\t\t\t\t\t\t\t\t\t<div class=\"elementor-testimonial-details\">\n\t\t\t\t\t\t\t\t\t\t\t\t\t\t<div class=\"elementor-testimonial-name\">Friedrich Eickhoff<\/div>\n\t\t\t\t\t\t\t\t\t\t\t\t\t\t\t\t\t\t\t<\/div>\n\t\t\t\t\t\t\t\t\t<\/div>\n\t\t\t<\/div>\n\t\t\t\t\t<\/div>\n\t\t\t\t\t\t<\/div>\n\t\t\t\t<\/div>\n\t\t\t\t\t<\/div>\n\t\t<\/div>\n\t\t\t\t<div class=\"elementor-column elementor-col-16 elementor-inner-column elementor-element elementor-element-1d5017c9\" data-id=\"1d5017c9\" data-element_type=\"column\" data-e-type=\"column\">\n\t\t\t<div class=\"elementor-widget-wrap elementor-element-populated\">\n\t\t\t\t\t\t<div class=\"elementor-element elementor-element-76c5b660 elementor-view-default elementor-widget elementor-widget-icon\" data-id=\"76c5b660\" data-element_type=\"widget\" data-e-type=\"widget\" data-widget_type=\"icon.default\">\n\t\t\t\t<div class=\"elementor-widget-container\">\n\t\t\t\t\t\t\t<div class=\"elementor-icon-wrapper\">\n\t\t\t<div class=\"elementor-icon\">\n\t\t\t<i aria-hidden=\"true\" class=\"fas fa-quote-right\"><\/i>\t\t\t<\/div>\n\t\t<\/div>\n\t\t\t\t\t\t<\/div>\n\t\t\t\t<\/div>\n\t\t\t\t\t<\/div>\n\t\t<\/div>\n\t\t\t\t\t<\/div>\n\t\t<\/section>\n\t\t\t\t\t<\/div>\n\t\t<\/div>\n\t\t\t\t\t<\/div>\n\t\t<\/section>\n\t\t\t\t<section class=\"elementor-section elementor-top-section elementor-element elementor-element-6040cfde elementor-section-full_width elementor-section-height-default elementor-section-height-default\" data-id=\"6040cfde\" data-element_type=\"section\" data-e-type=\"section\">\n\t\t\t\t\t\t<div class=\"elementor-container elementor-column-gap-default\">\n\t\t\t\t\t<div class=\"elementor-column elementor-col-100 elementor-top-column elementor-element elementor-element-23d01a76\" data-id=\"23d01a76\" data-element_type=\"column\" data-e-type=\"column\" data-settings=\"{&quot;background_background&quot;:&quot;classic&quot;}\">\n\t\t\t<div class=\"elementor-widget-wrap elementor-element-populated\">\n\t\t\t\t\t\t<section class=\"elementor-section elementor-inner-section elementor-element elementor-element-2ac5ccf8 elementor-section-boxed elementor-section-height-default elementor-section-height-default\" data-id=\"2ac5ccf8\" data-element_type=\"section\" data-e-type=\"section\" data-settings=\"{&quot;background_background&quot;:&quot;classic&quot;}\">\n\t\t\t\t\t\t\t<div class=\"elementor-background-overlay\"><\/div>\n\t\t\t\t\t\t\t<div class=\"elementor-container elementor-column-gap-default\">\n\t\t\t\t\t<div class=\"elementor-column elementor-col-100 elementor-inner-column elementor-element elementor-element-549a660\" data-id=\"549a660\" data-element_type=\"column\" data-e-type=\"column\">\n\t\t\t<div class=\"elementor-widget-wrap elementor-element-populated\">\n\t\t\t\t\t\t<div class=\"elementor-element elementor-element-45fd1aac elementor-widget elementor-widget-heading\" data-id=\"45fd1aac\" data-element_type=\"widget\" data-e-type=\"widget\" data-widget_type=\"heading.default\">\n\t\t\t\t<div class=\"elementor-widget-container\">\n\t\t\t\t\t<h2 class=\"elementor-heading-title elementor-size-default\">Was verstehe ich unter Coaching?<\/h2>\t\t\t\t<\/div>\n\t\t\t\t<\/div>\n\t\t\t\t<div class=\"elementor-element elementor-element-7d21ea0c elementor-widget-divider--view-line elementor-widget elementor-widget-divider\" data-id=\"7d21ea0c\" data-element_type=\"widget\" data-e-type=\"widget\" data-widget_type=\"divider.default\">\n\t\t\t\t<div class=\"elementor-widget-container\">\n\t\t\t\t\t\t\t<div class=\"elementor-divider\">\n\t\t\t<span class=\"elementor-divider-separator\">\n\t\t\t\t\t\t<\/span>\n\t\t<\/div>\n\t\t\t\t\t\t<\/div>\n\t\t\t\t<\/div>\n\t\t\t\t\t<\/div>\n\t\t<\/div>\n\t\t\t\t\t<\/div>\n\t\t<\/section>\n\t\t\t\t<section class=\"elementor-section elementor-inner-section elementor-element elementor-element-49cafe43 elementor-section-boxed elementor-section-height-default elementor-section-height-default\" data-id=\"49cafe43\" data-element_type=\"section\" data-e-type=\"section\">\n\t\t\t\t\t\t<div class=\"elementor-container elementor-column-gap-default\">\n\t\t\t\t\t<div class=\"elementor-column elementor-col-100 elementor-inner-column elementor-element elementor-element-156657ea\" data-id=\"156657ea\" data-element_type=\"column\" data-e-type=\"column\">\n\t\t\t<div class=\"elementor-widget-wrap elementor-element-populated\">\n\t\t\t\t\t\t<div class=\"elementor-element elementor-element-69200408 elementor-widget elementor-widget-text-editor\" data-id=\"69200408\" data-element_type=\"widget\" data-e-type=\"widget\" data-widget_type=\"text-editor.default\">\n\t\t\t\t<div class=\"elementor-widget-container\">\n\t\t\t\t\t\t\t\t\t<p>Coaching verstehe ich als sanfte Wegbegleitung in einem vertrauensvollen Rahmen \u2013 bei pers\u00f6nlichen Ver\u00e4nderungsprozessen, beruflich wie privat.<br \/>Es schafft Raum f\u00fcr echte Kommunikation und daf\u00fcr, sich selbst unmittelbar zum Ausdruck zu bringen.<br \/>Daf\u00fcr, einen weiteren Schritt in Ihrer Pers\u00f6nlichkeitsentwicklung zu machen.\u00a0F\u00fcr wesentliche Details, f\u00fcr die im Alltag oft zu wenig Zeit bleibt.<br \/>Der Mensch in all seiner Vielfalt ist der Experte seines Lebens und folgt seinem ureigenen Lebensweg.<\/p><p>Du als mein Coachingpartner bestimmst das Tempo und wirst von mir darin unterst\u00fctzt, Deine Potenziale und F\u00e4higkeiten (wieder) zu entdecken und ans Licht zu bringen. Ich begleite Dich dabei, die L\u00f6sung f\u00fcr Deine Themen in Dir selbst zu finden \u2013 und so gleichzeitig Dein Vertrauen in Dich selbst zu st\u00e4rken.<\/p><p>Dies gelingt, indem<\/p><ul><li>Du bei mir den entsprechenden wertfreien Raum und Resonanz f\u00fcr Deine Themen bekommst<\/li><li>Ich Dir wesentliche Fragen zum richtigen Zeitpunkt stelle, aktiv zuh\u00f6re und pr\u00e4gnant zusammenfasse<\/li><li>Ich Dir als der Mensch und Coach, der ich bin, ganz zur Verf\u00fcgung stehe<\/li><\/ul>\t\t\t\t\t\t\t\t<\/div>\n\t\t\t\t<\/div>\n\t\t\t\t\t<\/div>\n\t\t<\/div>\n\t\t\t\t\t<\/div>\n\t\t<\/section>\n\t\t\t\t\t<\/div>\n\t\t<\/div>\n\t\t\t\t\t<\/div>\n\t\t<\/section>\n\t\t\t\t<section class=\"elementor-section elementor-top-section elementor-element elementor-element-66655d19 elementor-section-boxed elementor-section-height-default elementor-section-height-default\" data-id=\"66655d19\" data-element_type=\"section\" data-e-type=\"section\">\n\t\t\t\t\t\t\t<div class=\"elementor-background-overlay\"><\/div>\n\t\t\t\t\t\t\t<div class=\"elementor-container elementor-column-gap-default\">\n\t\t\t\t\t<div class=\"elementor-column elementor-col-100 elementor-top-column elementor-element elementor-element-60b123e1\" data-id=\"60b123e1\" data-element_type=\"column\" data-e-type=\"column\">\n\t\t\t<div class=\"elementor-widget-wrap elementor-element-populated\">\n\t\t\t\t\t\t<div class=\"elementor-element elementor-element-3d71c1d0 elementor-widget elementor-widget-heading\" data-id=\"3d71c1d0\" data-element_type=\"widget\" data-e-type=\"widget\" data-widget_type=\"heading.default\">\n\t\t\t\t<div class=\"elementor-widget-container\">\n\t\t\t\t\t<h2 class=\"elementor-heading-title elementor-size-default\">Deine Gewinne durch Coaching<\/h2>\t\t\t\t<\/div>\n\t\t\t\t<\/div>\n\t\t\t\t<div class=\"elementor-element elementor-element-3fc31db4 elementor-widget-divider--view-line elementor-widget elementor-widget-divider\" data-id=\"3fc31db4\" data-element_type=\"widget\" data-e-type=\"widget\" data-widget_type=\"divider.default\">\n\t\t\t\t<div class=\"elementor-widget-container\">\n\t\t\t\t\t\t\t<div class=\"elementor-divider\">\n\t\t\t<span class=\"elementor-divider-separator\">\n\t\t\t\t\t\t<\/span>\n\t\t<\/div>\n\t\t\t\t\t\t<\/div>\n\t\t\t\t<\/div>\n\t\t\t\t<div class=\"elementor-element elementor-element-11dcaab1 elementor-widget elementor-widget-text-editor\" data-id=\"11dcaab1\" data-element_type=\"widget\" data-e-type=\"widget\" data-widget_type=\"text-editor.default\">\n\t\t\t\t<div class=\"elementor-widget-container\">\n\t\t\t\t\t\t\t\t\t<ul>\n<li>Authentizit\u00e4t \u2013 Erkennen pers\u00f6nlicher Ziele und Lebensaufgaben<\/li>\n<li>Ganzheitliche St\u00e4rkung und Vertrauen in den eigenen, einmaligen Lebensweg<\/li>\n<li>H\u00f6here Motivation, Lebensfreude und Energie<\/li>\n<li>Verbesserter Umgang mit Ressourcen und Hindernissen<\/li>\n<li>L\u00f6sen von Konflikten sowie Konfliktvorbeugung<\/li>\n<li>Verantwortungsvolles Treffen von Entscheidungen<\/li>\n<li>Sich der F\u00fclle im eigenen Leben bewusst werden und diese genie\u00dfen k\u00f6nnen<\/li>\n<li>Effektives Erreichen von Zielen und somit Zeitersparnis<\/li>\n<li>Aufl\u00f6sen hinderlicher Glaubenss\u00e4tze, Denkmuster und Verhaltensweisen<\/li>\n<li>Wahrnehmen eigener Bed\u00fcrfnisse und Lebenskr\u00e4fte und somit Vorbeugen von Burnout<\/li>\n<li>Aus der Opferrolle in die Eigenverantwortung gehen<\/li>\n<li>Umgang mit k\u00f6rperlichen und seelischen Spannungen<\/li>\n<li>Stabilisierung und Heben des Selbstwertes und pers\u00f6nliches Wachstum<\/li>\n<li>uvm.<\/li>\n<\/ul>\n<p>Wenn wir am richtigen Platz, auf unserem Weg sind, dann geben wir das Beste, das andere von uns bekommen k\u00f6nnen. Hier bringen wir volle Leistung, sind motiviert, gefordert und erfolgreich \u2013 wir k\u00f6nnen wachsen und uns weiterentwickeln!<\/p>\n<p><em>Informationen zu den Kosten findest Du unter meinen <a href=\"https:\/\/www.herzensraum-coaching.at\/en\/impressum\/agb\/\" target=\"_blank\" rel=\"noopener\">GTC<\/a><\/em><\/p>\n<p><b>Absageregelung:<\/b>&nbsp;<span style=\"font-size: 1rem;\">Bei Absage eines Coachingtermins fallen bis 48 Stunden vor dem vereinbarten Termin keine Kosten an, danach wird eine Einheit \u00e0 60 Minuten in Rechnung gestellt. I<\/span>ch bitte um Verst\u00e4ndnis, da ich die Zeit exklusiv f\u00fcr Dich reserviere.<\/p>\t\t\t\t\t\t\t\t<\/div>\n\t\t\t\t<\/div>\n\t\t\t\t\t<\/div>\n\t\t<\/div>\n\t\t\t\t\t<\/div>\n\t\t<\/section>\n\t\t\t\t<section class=\"elementor-section elementor-top-section elementor-element elementor-element-2fe639 elementor-section-full_width elementor-section-height-default elementor-section-height-default\" data-id=\"2fe639\" data-element_type=\"section\" data-e-type=\"section\">\n\t\t\t\t\t\t<div class=\"elementor-container elementor-column-gap-default\">\n\t\t\t\t\t<div class=\"elementor-column elementor-col-100 elementor-top-column elementor-element elementor-element-2d4b0b2b\" data-id=\"2d4b0b2b\" data-element_type=\"column\" data-e-type=\"column\" data-settings=\"{&quot;background_background&quot;:&quot;classic&quot;}\">\n\t\t\t<div class=\"elementor-widget-wrap elementor-element-populated\">\n\t\t\t\t\t\t<section class=\"elementor-section elementor-inner-section elementor-element elementor-element-6d49bb0c elementor-section-boxed elementor-section-height-default elementor-section-height-default\" data-id=\"6d49bb0c\" data-element_type=\"section\" data-e-type=\"section\" data-settings=\"{&quot;background_background&quot;:&quot;classic&quot;}\">\n\t\t\t\t\t\t\t<div class=\"elementor-background-overlay\"><\/div>\n\t\t\t\t\t\t\t<div class=\"elementor-container elementor-column-gap-default\">\n\t\t\t\t\t<div class=\"elementor-column elementor-col-100 elementor-inner-column elementor-element elementor-element-53c4a9f7\" data-id=\"53c4a9f7\" data-element_type=\"column\" data-e-type=\"column\">\n\t\t\t<div class=\"elementor-widget-wrap elementor-element-populated\">\n\t\t\t\t\t\t<div class=\"elementor-element elementor-element-42bcd729 elementor-widget elementor-widget-heading\" data-id=\"42bcd729\" data-element_type=\"widget\" data-e-type=\"widget\" data-widget_type=\"heading.default\">\n\t\t\t\t<div class=\"elementor-widget-container\">\n\t\t\t\t\t<h2 class=\"elementor-heading-title elementor-size-default\">Coaching-Methode<\/h2>\t\t\t\t<\/div>\n\t\t\t\t<\/div>\n\t\t\t\t<div class=\"elementor-element elementor-element-32a07b85 elementor-widget-divider--view-line elementor-widget elementor-widget-divider\" data-id=\"32a07b85\" data-element_type=\"widget\" data-e-type=\"widget\" data-widget_type=\"divider.default\">\n\t\t\t\t<div class=\"elementor-widget-container\">\n\t\t\t\t\t\t\t<div class=\"elementor-divider\">\n\t\t\t<span class=\"elementor-divider-separator\">\n\t\t\t\t\t\t<\/span>\n\t\t<\/div>\n\t\t\t\t\t\t<\/div>\n\t\t\t\t<\/div>\n\t\t\t\t\t<\/div>\n\t\t<\/div>\n\t\t\t\t\t<\/div>\n\t\t<\/section>\n\t\t\t\t<section class=\"elementor-section elementor-inner-section elementor-element elementor-element-635c3015 elementor-section-boxed elementor-section-height-default elementor-section-height-default\" data-id=\"635c3015\" data-element_type=\"section\" data-e-type=\"section\">\n\t\t\t\t\t\t<div class=\"elementor-container elementor-column-gap-default\">\n\t\t\t\t\t<div class=\"elementor-column elementor-col-100 elementor-inner-column elementor-element elementor-element-4073f834\" data-id=\"4073f834\" data-element_type=\"column\" data-e-type=\"column\">\n\t\t\t<div class=\"elementor-widget-wrap elementor-element-populated\">\n\t\t\t\t\t\t<div class=\"elementor-element elementor-element-44b11e65 elementor-widget elementor-widget-text-editor\" data-id=\"44b11e65\" data-element_type=\"widget\" data-e-type=\"widget\" data-widget_type=\"text-editor.default\">\n\t\t\t\t<div class=\"elementor-widget-container\">\n\t\t\t\t\t\t\t\t\t<p>Die FUTURE-Methode ist eine vom Internationalen Coachingverband&nbsp;<a href=\"https:\/\/www.coachfederation.at\/\" target=\"_blank\" rel=\"noopener noreferrer\">ICF<\/a>&nbsp;(International Coach Federation) anerkannte Methode des Coachings, Trainings und Consultings und weist die Qualit\u00e4tssiegel&nbsp;<a href=\"http:\/\/oe-cert.at\/\" target=\"_blank\" rel=\"noopener noreferrer\">\u00d6-Cert<\/a>&nbsp;and&nbsp;<a href=\"https:\/\/www.ibe.co.at\/de\/bildungsguetesiegel\/bildungseinrichtungen-ebq.html\">EBQ<\/a>&nbsp;auf.<\/p>\n<p>FUTURE steht f\u00fcr \u201edie Zukunft beginnt jetzt\u201c. Die Methode ist in den 1980er-Jahren als \u201eganzheitliches Individuationstraining\u201c entstanden, organisch gewachsen und wird von ihren Gr\u00fcndern Helga und Wolfgang Stabentheiner sowie mehreren Netzwerkpartnern st\u00e4ndig weiterentwickelt.<\/p>\n<p>Dahinter liegt die Intention, die Gegenwart so zu leben, dass sich daraus eine bestm\u00f6gliche Zukunft ergibt \u2013 f\u00fcr uns als Individuum, als Familie, als Gemeinschaft, als Unternehmen und als Gesellschaft.<\/p>\n<p>Weitere Infos zur&nbsp;<a href=\"http:\/\/www.future.at\/hier-alles-wissenswerte-uber-future\" target=\"_blank\" rel=\"noopener noreferrer\">FUTURE-Methode<\/a><\/p>\t\t\t\t\t\t\t\t<\/div>\n\t\t\t\t<\/div>\n\t\t\t\t\t<\/div>\n\t\t<\/div>\n\t\t\t\t\t<\/div>\n\t\t<\/section>\n\t\t\t\t\t<\/div>\n\t\t<\/div>\n\t\t\t\t\t<\/div>\n\t\t<\/section>\n\t\t\t\t<\/div>","protected":false},"excerpt":{"rendered":"<p>Coaching Die Hummel wiegt 4,8 Gramm. Sie hat eine Fl\u00fcgelfl\u00e4che von 1,45cm\u00b2, bei einem Fl\u00e4chenwinkel von 6 Grad. Nach allen Gesetzen der Aerodynamik kann sie nicht fliegen. Der Hummel ist das egal. Friedrich Eickhoff Was verstehe ich unter Coaching? Coaching verstehe ich als sanfte Wegbegleitung in einem vertrauensvollen Rahmen \u2013 bei pers\u00f6nlichen Ver\u00e4nderungsprozessen, beruflich wie [&hellip;]<\/p>\n","protected":false},"author":1,"featured_media":0,"parent":0,"menu_order":2,"comment_status":"closed","ping_status":"closed","template":"elementor_header_footer","meta":{"jetpack_post_was_ever_published":false,"footnotes":""},"class_list":["post-28","page","type-page","status-publish","hentry"],"yoast_head":"<!-- This site is optimized with the Yoast SEO plugin v27.3 - https:\/\/yoast.com\/product\/yoast-seo-wordpress\/ -->\n<title>Coaching - Herzensraum-Coaching<\/title>\n<meta name=\"robots\" content=\"index, follow, max-snippet:-1, max-image-preview:large, max-video-preview:-1\" \/>\n<link rel=\"canonical\" href=\"https:\/\/www.herzensraum-coaching.at\/en\/coaching\/\" \/>\n<meta property=\"og:locale\" content=\"en_US\" \/>\n<meta property=\"og:type\" content=\"article\" \/>\n<meta property=\"og:title\" content=\"Coaching - Herzensraum-Coaching\" \/>\n<meta property=\"og:description\" content=\"Coaching Die Hummel wiegt 4,8 Gramm. Sie hat eine Fl\u00fcgelfl\u00e4che von 1,45cm\u00b2, bei einem Fl\u00e4chenwinkel von 6 Grad. Nach allen Gesetzen der Aerodynamik kann sie nicht fliegen. Der Hummel ist das egal. Friedrich Eickhoff Was verstehe ich unter Coaching? Coaching verstehe ich als sanfte Wegbegleitung in einem vertrauensvollen Rahmen \u2013 bei pers\u00f6nlichen Ver\u00e4nderungsprozessen, beruflich wie [&hellip;]\" \/>\n<meta property=\"og:url\" content=\"https:\/\/www.herzensraum-coaching.at\/en\/coaching\/\" \/>\n<meta property=\"og:site_name\" content=\"Herzensraum-Coaching\" \/>\n<meta property=\"article:publisher\" content=\"https:\/\/www.facebook.com\/herzensraum.coaching\/\" \/>\n<meta property=\"article:modified_time\" content=\"2026-02-20T13:54:03+00:00\" \/>\n<meta name=\"twitter:card\" content=\"summary_large_image\" \/>\n<meta name=\"twitter:label1\" content=\"Est. reading time\" \/>\n\t<meta name=\"twitter:data1\" content=\"3 minutes\" \/>\n<script type=\"application\/ld+json\" class=\"yoast-schema-graph\">{\"@context\":\"https:\\\/\\\/schema.org\",\"@graph\":[{\"@type\":\"WebPage\",\"@id\":\"https:\\\/\\\/www.herzensraum-coaching.at\\\/coaching\\\/\",\"url\":\"https:\\\/\\\/www.herzensraum-coaching.at\\\/coaching\\\/\",\"name\":\"Coaching - Herzensraum-Coaching\",\"isPartOf\":{\"@id\":\"https:\\\/\\\/www.herzensraum-coaching.at\\\/#website\"},\"datePublished\":\"2016-03-17T15:22:00+00:00\",\"dateModified\":\"2026-02-20T13:54:03+00:00\",\"breadcrumb\":{\"@id\":\"https:\\\/\\\/www.herzensraum-coaching.at\\\/coaching\\\/#breadcrumb\"},\"inLanguage\":\"en-US\",\"potentialAction\":[{\"@type\":\"ReadAction\",\"target\":[\"https:\\\/\\\/www.herzensraum-coaching.at\\\/coaching\\\/\"]}]},{\"@type\":\"BreadcrumbList\",\"@id\":\"https:\\\/\\\/www.herzensraum-coaching.at\\\/coaching\\\/#breadcrumb\",\"itemListElement\":[{\"@type\":\"ListItem\",\"position\":1,\"name\":\"Startseite\",\"item\":\"https:\\\/\\\/www.herzensraum-coaching.at\\\/\"},{\"@type\":\"ListItem\",\"position\":2,\"name\":\"Coaching\"}]},{\"@type\":\"WebSite\",\"@id\":\"https:\\\/\\\/www.herzensraum-coaching.at\\\/#website\",\"url\":\"https:\\\/\\\/www.herzensraum-coaching.at\\\/\",\"name\":\"Herzensraum-Coaching\",\"description\":\"Mag. Nicole Riederer\",\"potentialAction\":[{\"@type\":\"SearchAction\",\"target\":{\"@type\":\"EntryPoint\",\"urlTemplate\":\"https:\\\/\\\/www.herzensraum-coaching.at\\\/?s={search_term_string}\"},\"query-input\":{\"@type\":\"PropertyValueSpecification\",\"valueRequired\":true,\"valueName\":\"search_term_string\"}}],\"inLanguage\":\"en-US\"}]}<\/script>\n<!-- \/ Yoast SEO plugin. -->","yoast_head_json":{"title":"Coaching - Herzensraum-Coaching","robots":{"index":"index","follow":"follow","max-snippet":"max-snippet:-1","max-image-preview":"max-image-preview:large","max-video-preview":"max-video-preview:-1"},"canonical":"https:\/\/www.herzensraum-coaching.at\/en\/coaching\/","og_locale":"en_US","og_type":"article","og_title":"Coaching - Herzensraum-Coaching","og_description":"Coaching Die Hummel wiegt 4,8 Gramm. Sie hat eine Fl\u00fcgelfl\u00e4che von 1,45cm\u00b2, bei einem Fl\u00e4chenwinkel von 6 Grad. Nach allen Gesetzen der Aerodynamik kann sie nicht fliegen. Der Hummel ist das egal. Friedrich Eickhoff Was verstehe ich unter Coaching? Coaching verstehe ich als sanfte Wegbegleitung in einem vertrauensvollen Rahmen \u2013 bei pers\u00f6nlichen Ver\u00e4nderungsprozessen, beruflich wie [&hellip;]","og_url":"https:\/\/www.herzensraum-coaching.at\/en\/coaching\/","og_site_name":"Herzensraum-Coaching","article_publisher":"https:\/\/www.facebook.com\/herzensraum.coaching\/","article_modified_time":"2026-02-20T13:54:03+00:00","twitter_card":"summary_large_image","twitter_misc":{"Est. reading time":"3 minutes"},"schema":{"@context":"https:\/\/schema.org","@graph":[{"@type":"WebPage","@id":"https:\/\/www.herzensraum-coaching.at\/coaching\/","url":"https:\/\/www.herzensraum-coaching.at\/coaching\/","name":"Coaching - Herzensraum-Coaching","isPartOf":{"@id":"https:\/\/www.herzensraum-coaching.at\/#website"},"datePublished":"2016-03-17T15:22:00+00:00","dateModified":"2026-02-20T13:54:03+00:00","breadcrumb":{"@id":"https:\/\/www.herzensraum-coaching.at\/coaching\/#breadcrumb"},"inLanguage":"en-US","potentialAction":[{"@type":"ReadAction","target":["https:\/\/www.herzensraum-coaching.at\/coaching\/"]}]},{"@type":"BreadcrumbList","@id":"https:\/\/www.herzensraum-coaching.at\/coaching\/#breadcrumb","itemListElement":[{"@type":"ListItem","position":1,"name":"Startseite","item":"https:\/\/www.herzensraum-coaching.at\/"},{"@type":"ListItem","position":2,"name":"Coaching"}]},{"@type":"WebSite","@id":"https:\/\/www.herzensraum-coaching.at\/#website","url":"https:\/\/www.herzensraum-coaching.at\/","name":"Herzensraum-Coaching","description":"Mag. Nicole Riederer","potentialAction":[{"@type":"SearchAction","target":{"@type":"EntryPoint","urlTemplate":"https:\/\/www.herzensraum-coaching.at\/?s={search_term_string}"},"query-input":{"@type":"PropertyValueSpecification","valueRequired":true,"valueName":"search_term_string"}}],"inLanguage":"en-US"}]}},"jetpack_shortlink":"https:\/\/wp.me\/P7p2NK-s","jetpack_likes_enabled":true,"jetpack_sharing_enabled":true,"_links":{"self":[{"href":"https:\/\/www.herzensraum-coaching.at\/en\/wp-json\/wp\/v2\/pages\/28","targetHints":{"allow":["GET"]}}],"collection":[{"href":"https:\/\/www.herzensraum-coaching.at\/en\/wp-json\/wp\/v2\/pages"}],"about":[{"href":"https:\/\/www.herzensraum-coaching.at\/en\/wp-json\/wp\/v2\/types\/page"}],"author":[{"embeddable":true,"href":"https:\/\/www.herzensraum-coaching.at\/en\/wp-json\/wp\/v2\/users\/1"}],"replies":[{"embeddable":true,"href":"https:\/\/www.herzensraum-coaching.at\/en\/wp-json\/wp\/v2\/comments?post=28"}],"version-history":[{"count":60,"href":"https:\/\/www.herzensraum-coaching.at\/en\/wp-json\/wp\/v2\/pages\/28\/revisions"}],"predecessor-version":[{"id":2502,"href":"https:\/\/www.herzensraum-coaching.at\/en\/wp-json\/wp\/v2\/pages\/28\/revisions\/2502"}],"wp:attachment":[{"href":"https:\/\/www.herzensraum-coaching.at\/en\/wp-json\/wp\/v2\/media?parent=28"}],"curies":[{"name":"wp","href":"https:\/\/api.w.org\/{rel}","templated":true}]}}