{"id":198,"date":"2016-04-02T11:19:35","date_gmt":"2016-04-02T09:19:35","guid":{"rendered":"http:\/\/www.herzensraum-coaching.at\/?page_id=198"},"modified":"2025-02-20T17:12:17","modified_gmt":"2025-02-20T16:12:17","slug":"training-workshops","status":"publish","type":"page","link":"https:\/\/www.herzensraum-coaching.at\/en\/training-workshops\/","title":{"rendered":"Training &amp; Workshops"},"content":{"rendered":"<div data-elementor-type=\"wp-page\" data-elementor-id=\"198\" class=\"elementor elementor-198\" data-elementor-post-type=\"page\">\n\t\t\t\t\t\t<section class=\"elementor-section elementor-top-section elementor-element elementor-element-b735465 elementor-section-boxed elementor-section-height-default elementor-section-height-default\" data-id=\"b735465\" data-element_type=\"section\" data-e-type=\"section\" data-settings=\"{&quot;background_background&quot;:&quot;classic&quot;}\">\n\t\t\t\t\t\t\t<div class=\"elementor-background-overlay\"><\/div>\n\t\t\t\t\t\t\t<div class=\"elementor-container elementor-column-gap-default\">\n\t\t\t\t\t<div class=\"elementor-column elementor-col-100 elementor-top-column elementor-element elementor-element-6f92fb61\" data-id=\"6f92fb61\" data-element_type=\"column\" data-e-type=\"column\" data-settings=\"{&quot;background_background&quot;:&quot;classic&quot;}\">\n\t\t\t<div class=\"elementor-widget-wrap elementor-element-populated\">\n\t\t\t\t\t\t<div class=\"elementor-element elementor-element-212a78b5 elementor-widget elementor-widget-heading\" data-id=\"212a78b5\" data-element_type=\"widget\" data-e-type=\"widget\" data-widget_type=\"heading.default\">\n\t\t\t\t<div class=\"elementor-widget-container\">\n\t\t\t\t\t<h1 class=\"elementor-heading-title elementor-size-default\">Training &amp; Workshops<\/h1>\t\t\t\t<\/div>\n\t\t\t\t<\/div>\n\t\t\t\t<div class=\"elementor-element elementor-element-a98eeec elementor-widget-divider--view-line elementor-widget elementor-widget-divider\" data-id=\"a98eeec\" data-element_type=\"widget\" data-e-type=\"widget\" data-widget_type=\"divider.default\">\n\t\t\t\t<div class=\"elementor-widget-container\">\n\t\t\t\t\t\t\t<div class=\"elementor-divider\">\n\t\t\t<span class=\"elementor-divider-separator\">\n\t\t\t\t\t\t<\/span>\n\t\t<\/div>\n\t\t\t\t\t\t<\/div>\n\t\t\t\t<\/div>\n\t\t\t\t<section class=\"elementor-section elementor-inner-section elementor-element elementor-element-36e5f3cb elementor-section-boxed elementor-section-height-default elementor-section-height-default\" data-id=\"36e5f3cb\" data-element_type=\"section\" data-e-type=\"section\">\n\t\t\t\t\t\t<div class=\"elementor-container elementor-column-gap-default\">\n\t\t\t\t\t<div class=\"elementor-column elementor-col-16 elementor-inner-column elementor-element elementor-element-39ab7364\" data-id=\"39ab7364\" data-element_type=\"column\" data-e-type=\"column\">\n\t\t\t<div class=\"elementor-widget-wrap elementor-element-populated\">\n\t\t\t\t\t\t<div class=\"elementor-element elementor-element-58708ba4 elementor-view-default elementor-widget elementor-widget-icon\" data-id=\"58708ba4\" data-element_type=\"widget\" data-e-type=\"widget\" data-widget_type=\"icon.default\">\n\t\t\t\t<div class=\"elementor-widget-container\">\n\t\t\t\t\t\t\t<div class=\"elementor-icon-wrapper\">\n\t\t\t<div class=\"elementor-icon\">\n\t\t\t<i aria-hidden=\"true\" class=\"fas fa-quote-left\"><\/i>\t\t\t<\/div>\n\t\t<\/div>\n\t\t\t\t\t\t<\/div>\n\t\t\t\t<\/div>\n\t\t\t\t\t<\/div>\n\t\t<\/div>\n\t\t\t\t<div class=\"elementor-column elementor-col-66 elementor-inner-column elementor-element elementor-element-601a0272\" data-id=\"601a0272\" data-element_type=\"column\" data-e-type=\"column\">\n\t\t\t<div class=\"elementor-widget-wrap elementor-element-populated\">\n\t\t\t\t\t\t<div class=\"elementor-element elementor-element-da443fc elementor-widget elementor-widget-testimonial\" data-id=\"da443fc\" data-element_type=\"widget\" data-e-type=\"widget\" data-widget_type=\"testimonial.default\">\n\t\t\t\t<div class=\"elementor-widget-container\">\n\t\t\t\t\t\t\t<div class=\"elementor-testimonial-wrapper\">\n\t\t\t\t\t\t\t<div class=\"elementor-testimonial-content\">Ich h\u00f6re und vergesse, ich sehe und behalte, ich handle und verstehe.<\/div>\n\t\t\t\n\t\t\t\t\t\t<div class=\"elementor-testimonial-meta\">\n\t\t\t\t<div class=\"elementor-testimonial-meta-inner\">\n\t\t\t\t\t\n\t\t\t\t\t\t\t\t\t\t<div class=\"elementor-testimonial-details\">\n\t\t\t\t\t\t\t\t\t\t\t\t\t\t<div class=\"elementor-testimonial-name\">Konfuzius<\/div>\n\t\t\t\t\t\t\t\t\t\t\t\t\t\t\t\t\t\t\t<\/div>\n\t\t\t\t\t\t\t\t\t<\/div>\n\t\t\t<\/div>\n\t\t\t\t\t<\/div>\n\t\t\t\t\t\t<\/div>\n\t\t\t\t<\/div>\n\t\t\t\t\t<\/div>\n\t\t<\/div>\n\t\t\t\t<div class=\"elementor-column elementor-col-16 elementor-inner-column elementor-element elementor-element-2bc06c7c\" data-id=\"2bc06c7c\" data-element_type=\"column\" data-e-type=\"column\">\n\t\t\t<div class=\"elementor-widget-wrap elementor-element-populated\">\n\t\t\t\t\t\t<div class=\"elementor-element elementor-element-21cd14c8 elementor-view-default elementor-widget elementor-widget-icon\" data-id=\"21cd14c8\" data-element_type=\"widget\" data-e-type=\"widget\" data-widget_type=\"icon.default\">\n\t\t\t\t<div class=\"elementor-widget-container\">\n\t\t\t\t\t\t\t<div class=\"elementor-icon-wrapper\">\n\t\t\t<div class=\"elementor-icon\">\n\t\t\t<i aria-hidden=\"true\" class=\"fas fa-quote-right\"><\/i>\t\t\t<\/div>\n\t\t<\/div>\n\t\t\t\t\t\t<\/div>\n\t\t\t\t<\/div>\n\t\t\t\t\t<\/div>\n\t\t<\/div>\n\t\t\t\t\t<\/div>\n\t\t<\/section>\n\t\t\t\t\t<\/div>\n\t\t<\/div>\n\t\t\t\t\t<\/div>\n\t\t<\/section>\n\t\t\t\t<section class=\"elementor-section elementor-top-section elementor-element elementor-element-3d72472f elementor-section-full_width elementor-section-height-default elementor-section-height-default\" data-id=\"3d72472f\" data-element_type=\"section\" data-e-type=\"section\" data-settings=\"{&quot;background_background&quot;:&quot;classic&quot;}\">\n\t\t\t\t\t\t<div class=\"elementor-container elementor-column-gap-default\">\n\t\t\t\t\t<div class=\"elementor-column elementor-col-100 elementor-top-column elementor-element elementor-element-7adf330a\" data-id=\"7adf330a\" data-element_type=\"column\" data-e-type=\"column\">\n\t\t\t<div class=\"elementor-widget-wrap elementor-element-populated\">\n\t\t\t\t\t\t<section class=\"elementor-section elementor-inner-section elementor-element elementor-element-5bcfc620 elementor-reverse-tablet elementor-reverse-mobile elementor-section-boxed elementor-section-height-default elementor-section-height-default\" data-id=\"5bcfc620\" data-element_type=\"section\" data-e-type=\"section\" data-settings=\"{&quot;background_background&quot;:&quot;classic&quot;}\">\n\t\t\t\t\t\t<div class=\"elementor-container elementor-column-gap-default\">\n\t\t\t\t\t<div class=\"elementor-column elementor-col-100 elementor-inner-column elementor-element elementor-element-455bd40b\" data-id=\"455bd40b\" data-element_type=\"column\" data-e-type=\"column\">\n\t\t\t<div class=\"elementor-widget-wrap elementor-element-populated\">\n\t\t\t\t\t\t<div class=\"elementor-element elementor-element-5ee1916e elementor-widget elementor-widget-heading\" data-id=\"5ee1916e\" data-element_type=\"widget\" data-e-type=\"widget\" data-widget_type=\"heading.default\">\n\t\t\t\t<div class=\"elementor-widget-container\">\n\t\t\t\t\t<h2 class=\"elementor-heading-title elementor-size-default\">Ihr Gewinn:<\/h2>\t\t\t\t<\/div>\n\t\t\t\t<\/div>\n\t\t\t\t<div class=\"elementor-element elementor-element-2b41b7e9 elementor-widget-divider--view-line elementor-widget elementor-widget-divider\" data-id=\"2b41b7e9\" data-element_type=\"widget\" data-e-type=\"widget\" data-widget_type=\"divider.default\">\n\t\t\t\t<div class=\"elementor-widget-container\">\n\t\t\t\t\t\t\t<div class=\"elementor-divider\">\n\t\t\t<span class=\"elementor-divider-separator\">\n\t\t\t\t\t\t<\/span>\n\t\t<\/div>\n\t\t\t\t\t\t<\/div>\n\t\t\t\t<\/div>\n\t\t\t\t<div class=\"elementor-element elementor-element-417a6070 elementor-icon-list--layout-traditional elementor-list-item-link-full_width elementor-widget elementor-widget-icon-list\" data-id=\"417a6070\" data-element_type=\"widget\" data-e-type=\"widget\" data-widget_type=\"icon-list.default\">\n\t\t\t\t<div class=\"elementor-widget-container\">\n\t\t\t\t\t\t\t<ul class=\"elementor-icon-list-items\">\n\t\t\t\t\t\t\t<li class=\"elementor-icon-list-item\">\n\t\t\t\t\t\t\t\t\t\t\t<span class=\"elementor-icon-list-icon\">\n\t\t\t\t\t\t\t<i aria-hidden=\"true\" class=\"fas fa-chevron-right\"><\/i>\t\t\t\t\t\t<\/span>\n\t\t\t\t\t\t\t\t\t\t<span class=\"elementor-icon-list-text\">H\u00f6here Motivation und Mitarbeiterfreude durch Anerkennung und Wertsch\u00e4tzung<\/span>\n\t\t\t\t\t\t\t\t\t<\/li>\n\t\t\t\t\t\t\t\t<li class=\"elementor-icon-list-item\">\n\t\t\t\t\t\t\t\t\t\t\t<span class=\"elementor-icon-list-icon\">\n\t\t\t\t\t\t\t<i aria-hidden=\"true\" class=\"fas fa-chevron-right\"><\/i>\t\t\t\t\t\t<\/span>\n\t\t\t\t\t\t\t\t\t\t<span class=\"elementor-icon-list-text\">Die richtige Person am richtigen Platz<\/span>\n\t\t\t\t\t\t\t\t\t<\/li>\n\t\t\t\t\t\t\t\t<li class=\"elementor-icon-list-item\">\n\t\t\t\t\t\t\t\t\t\t\t<span class=\"elementor-icon-list-icon\">\n\t\t\t\t\t\t\t<i aria-hidden=\"true\" class=\"fas fa-chevron-right\"><\/i>\t\t\t\t\t\t<\/span>\n\t\t\t\t\t\t\t\t\t\t<span class=\"elementor-icon-list-text\">Respektvolle Zusammenarbeit innerhalb Ihres Teams<\/span>\n\t\t\t\t\t\t\t\t\t<\/li>\n\t\t\t\t\t\t\t\t<li class=\"elementor-icon-list-item\">\n\t\t\t\t\t\t\t\t\t\t\t<span class=\"elementor-icon-list-icon\">\n\t\t\t\t\t\t\t<i aria-hidden=\"true\" class=\"fas fa-chevron-right\"><\/i>\t\t\t\t\t\t<\/span>\n\t\t\t\t\t\t\t\t\t\t<span class=\"elementor-icon-list-text\">Verbesserte Gesundheit &amp; Resilienz<\/span>\n\t\t\t\t\t\t\t\t\t<\/li>\n\t\t\t\t\t\t\t\t<li class=\"elementor-icon-list-item\">\n\t\t\t\t\t\t\t\t\t\t\t<span class=\"elementor-icon-list-icon\">\n\t\t\t\t\t\t\t<i aria-hidden=\"true\" class=\"fas fa-chevron-right\"><\/i>\t\t\t\t\t\t<\/span>\n\t\t\t\t\t\t\t\t\t\t<span class=\"elementor-icon-list-text\">Stetige Weiterentwicklung und Potenzialentfaltung<\/span>\n\t\t\t\t\t\t\t\t\t<\/li>\n\t\t\t\t\t\t\t\t<li class=\"elementor-icon-list-item\">\n\t\t\t\t\t\t\t\t\t\t\t<span class=\"elementor-icon-list-icon\">\n\t\t\t\t\t\t\t<i aria-hidden=\"true\" class=\"fas fa-chevron-right\"><\/i>\t\t\t\t\t\t<\/span>\n\t\t\t\t\t\t\t\t\t\t<span class=\"elementor-icon-list-text\">Begeisterte Kundenbeziehung<\/span>\n\t\t\t\t\t\t\t\t\t<\/li>\n\t\t\t\t\t\t\t\t<li class=\"elementor-icon-list-item\">\n\t\t\t\t\t\t\t\t\t\t\t<span class=\"elementor-icon-list-icon\">\n\t\t\t\t\t\t\t<i aria-hidden=\"true\" class=\"fas fa-chevron-right\"><\/i>\t\t\t\t\t\t<\/span>\n\t\t\t\t\t\t\t\t\t\t<span class=\"elementor-icon-list-text\">L\u00f6sungsorientiertheit mittels Fokus auf St\u00e4rken und Potenziale<\/span>\n\t\t\t\t\t\t\t\t\t<\/li>\n\t\t\t\t\t\t\t\t<li class=\"elementor-icon-list-item\">\n\t\t\t\t\t\t\t\t\t\t\t<span class=\"elementor-icon-list-icon\">\n\t\t\t\t\t\t\t<i aria-hidden=\"true\" class=\"fas fa-chevron-right\"><\/i>\t\t\t\t\t\t<\/span>\n\t\t\t\t\t\t\t\t\t\t<span class=\"elementor-icon-list-text\">Gesteigerter Unternehmenserfolg durch Verbinden von Menschlichkeit und Wirtschaftlichkeit<\/span>\n\t\t\t\t\t\t\t\t\t<\/li>\n\t\t\t\t\t\t<\/ul>\n\t\t\t\t\t\t<\/div>\n\t\t\t\t<\/div>\n\t\t\t\t<div class=\"elementor-element elementor-element-22c22dc8 elementor-widget elementor-widget-text-editor\" data-id=\"22c22dc8\" data-element_type=\"widget\" data-e-type=\"widget\" data-widget_type=\"text-editor.default\">\n\t\t\t\t<div class=\"elementor-widget-container\">\n\t\t\t\t\t\t\t\t\t<p>Durch zahlreiche praktische \u00dcbungen erfahren die TeilnehmerInnen im Rahmen meiner Workshops hilfreiche Methoden wie beispielsweise Achtsamkeit am eigenen K\u00f6rper und Geist, k\u00f6nnen sich selbst wiederfinden, neue Kraft tanken sowie mehr Gelassenheit, Lebendigkeit und Freude am Leben sp\u00fcren. Dies wiederum wirkt sich positiv auf das gesamte Umfeld, die Familie sowie das berufliche Team aus.<\/p>\n<p><em>Lassen Sie uns in einem unverbindlichen Erstgespr\u00e4ch eine etwaige Zusammenarbeit besprechen.<\/em><br><em>Was genau ist Ihr Bedarf? Welche Themen w\u00e4ren f\u00fcr Sie und Ihr Unternehmen interessant \u2013 und in welchem Format?<\/em><\/p>\n<p>Mein Angebot reicht von 2-st\u00fcndigen Einheiten \u00fcber Impulsvortr\u00e4ge bis hin zu mehrt\u00e4gigen Trainings zu den unten genannten Themen.<br>Zudem biete ich Einzel- und Teamcoachings (nach Bedarf mit Co-TrainerIn) an.<\/p>\n<p>Nach einem Briefing-Gespr\u00e4ch erstelle ich gerne ein auf Sie und Ihr Unternehmen zugeschnittenes erstes, schriftliches Angebot inklusive kurzem Ausschreibungstext &amp; Preis.<br>Auf dessen Basis besprechen wir, ob das Angebot das richtige f\u00fcr Sie ist und passen es ggf. an Ihre Bed\u00fcrfnisse an.<\/p>\t\t\t\t\t\t\t\t<\/div>\n\t\t\t\t<\/div>\n\t\t\t\t<div class=\"elementor-element elementor-element-59b908db elementor-icon-list--layout-traditional elementor-list-item-link-full_width elementor-widget elementor-widget-icon-list\" data-id=\"59b908db\" data-element_type=\"widget\" data-e-type=\"widget\" data-widget_type=\"icon-list.default\">\n\t\t\t\t<div class=\"elementor-widget-container\">\n\t\t\t\t\t\t\t<ul class=\"elementor-icon-list-items\">\n\t\t\t\t\t\t\t<li class=\"elementor-icon-list-item\">\n\t\t\t\t\t\t\t\t\t\t\t<span class=\"elementor-icon-list-icon\">\n\t\t\t\t\t\t\t<i aria-hidden=\"true\" class=\"fas fa-chevron-right\"><\/i>\t\t\t\t\t\t<\/span>\n\t\t\t\t\t\t\t\t\t\t<span class=\"elementor-icon-list-text\">Business-Bereich: Achtsamkeitstraining &amp; Resilienz, Stress-Management, Burnout-Pr\u00e4vention, Konfliktmanagement &amp; Kommunikation, Leadership: hochsensibel und Hochsensible f\u00fchren<\/span>\n\t\t\t\t\t\t\t\t\t<\/li>\n\t\t\t\t\t\t\t\t<li class=\"elementor-icon-list-item\">\n\t\t\t\t\t\t\t\t\t\t\t<span class=\"elementor-icon-list-icon\">\n\t\t\t\t\t\t\t<i aria-hidden=\"true\" class=\"fas fa-chevron-right\"><\/i>\t\t\t\t\t\t<\/span>\n\t\t\t\t\t\t\t\t\t\t<span class=\"elementor-icon-list-text\">Pers\u00f6nliche Weiterentwicklung: Life-Coaching, Umgang mit Hochsensibilit\u00e4t, Achtsamkeitspraxis, Entspannungstechniken, Energie tanken, St\u00e4rken st\u00e4rken, Eigenverantwortung, Motivation, Umgang mit Konflikten<\/span>\n\t\t\t\t\t\t\t\t\t<\/li>\n\t\t\t\t\t\t<\/ul>\n\t\t\t\t\t\t<\/div>\n\t\t\t\t<\/div>\n\t\t\t\t<div class=\"elementor-element elementor-element-2b18d5cf elementor-widget elementor-widget-text-editor\" data-id=\"2b18d5cf\" data-element_type=\"widget\" data-e-type=\"widget\" data-widget_type=\"text-editor.default\">\n\t\t\t\t<div class=\"elementor-widget-container\">\n\t\t\t\t\t\t\t\t\t<p><b>Weitere Themen:<\/b><\/p><ul><li><b>Achtsamkeits-Workshops<\/b>: Achtsame Auszeit, Fantasiereise f\u00fcr Klein &amp; Gro\u00df, s. auch <a href=\"https:\/\/www.herzensraum-coaching.at\/en\/aktuelles\/\" target=\"_blank\" rel=\"noopener\">Current dates<\/a><\/li><li><b>Vortr\u00e4ge \u00fcber Hochsensibilit\u00e4t<\/b>: mehr zu diesem spannenden Thema findest Du <a href=\"https:\/\/www.herzensraum-coaching.at\/en\/hochsensibilitaet\/\" target=\"_blank\" rel=\"noopener\">hier<\/a><br \/><br \/><\/li><\/ul><p><span style=\"color: var( --e-global-color-text ); font-family: var( --e-global-typography-text-font-family ), Sans-serif; font-weight: var( --e-global-typography-text-font-weight ); font-size: 1rem;\">Erfahren Sie mehr und<\/span><strong style=\"color: var( --e-global-color-text ); font-family: var( --e-global-typography-text-font-family ), Sans-serif; font-size: 1rem;\">\u00a0<a href=\"http:\/\/www.herzensraum-coaching.at\/en\/kontakt\/\">kontaktieren Sie mich<\/a><\/strong><span style=\"color: var( --e-global-color-text ); font-family: var( --e-global-typography-text-font-family ), Sans-serif; font-weight: var( --e-global-typography-text-font-weight ); font-size: 1rem;\">\u00a0for a non-binding initial consultation by telephone or by\u00a0<\/span><strong style=\"color: var( --e-global-color-text ); font-family: var( --e-global-typography-text-font-family ), Sans-serif; font-size: 1rem;\"><a href=\"mailto:office@herzensraum-coaching.at\">Mail<\/a>.<\/strong><\/p>\t\t\t\t\t\t\t\t<\/div>\n\t\t\t\t<\/div>\n\t\t\t\t\t<\/div>\n\t\t<\/div>\n\t\t\t\t\t<\/div>\n\t\t<\/section>\n\t\t\t\t\t<\/div>\n\t\t<\/div>\n\t\t\t\t\t<\/div>\n\t\t<\/section>\n\t\t\t\t<\/div>","protected":false},"excerpt":{"rendered":"<p>Training &amp; Workshops Ich h\u00f6re und vergesse, ich sehe und behalte, ich handle und verstehe. Konfuzius Ihr Gewinn: H\u00f6here Motivation und Mitarbeiterfreude durch Anerkennung und Wertsch\u00e4tzung Die richtige Person am richtigen Platz Respektvolle Zusammenarbeit innerhalb Ihres Teams Verbesserte Gesundheit &#038; Resilienz Stetige Weiterentwicklung und Potenzialentfaltung Begeisterte Kundenbeziehung L\u00f6sungsorientiertheit mittels Fokus auf St\u00e4rken und Potenziale Gesteigerter [&hellip;]<\/p>\n","protected":false},"author":1,"featured_media":0,"parent":0,"menu_order":3,"comment_status":"closed","ping_status":"closed","template":"elementor_header_footer","meta":{"jetpack_post_was_ever_published":false,"footnotes":""},"class_list":["post-198","page","type-page","status-publish","hentry"],"yoast_head":"<!-- This site is optimized with the Yoast SEO plugin v27.3 - https:\/\/yoast.com\/product\/yoast-seo-wordpress\/ -->\n<title>Training &amp; Workshops - Herzensraum-Coaching<\/title>\n<meta name=\"robots\" content=\"index, follow, max-snippet:-1, max-image-preview:large, max-video-preview:-1\" \/>\n<link rel=\"canonical\" href=\"https:\/\/www.herzensraum-coaching.at\/en\/training-workshops\/\" \/>\n<meta property=\"og:locale\" content=\"en_US\" \/>\n<meta property=\"og:type\" content=\"article\" \/>\n<meta property=\"og:title\" content=\"Training &amp; Workshops - Herzensraum-Coaching\" \/>\n<meta property=\"og:description\" content=\"Training &amp; Workshops Ich h\u00f6re und vergesse, ich sehe und behalte, ich handle und verstehe. Konfuzius Ihr Gewinn: H\u00f6here Motivation und Mitarbeiterfreude durch Anerkennung und Wertsch\u00e4tzung Die richtige Person am richtigen Platz Respektvolle Zusammenarbeit innerhalb Ihres Teams Verbesserte Gesundheit &#038; Resilienz Stetige Weiterentwicklung und Potenzialentfaltung Begeisterte Kundenbeziehung L\u00f6sungsorientiertheit mittels Fokus auf St\u00e4rken und Potenziale Gesteigerter [&hellip;]\" \/>\n<meta property=\"og:url\" content=\"https:\/\/www.herzensraum-coaching.at\/en\/training-workshops\/\" \/>\n<meta property=\"og:site_name\" content=\"Herzensraum-Coaching\" \/>\n<meta property=\"article:publisher\" content=\"https:\/\/www.facebook.com\/herzensraum.coaching\/\" \/>\n<meta property=\"article:modified_time\" content=\"2025-02-20T16:12:17+00:00\" \/>\n<meta name=\"twitter:card\" content=\"summary_large_image\" \/>\n<meta name=\"twitter:label1\" content=\"Est. reading time\" \/>\n\t<meta name=\"twitter:data1\" content=\"2 minutes\" \/>\n<script type=\"application\/ld+json\" class=\"yoast-schema-graph\">{\"@context\":\"https:\\\/\\\/schema.org\",\"@graph\":[{\"@type\":\"WebPage\",\"@id\":\"https:\\\/\\\/www.herzensraum-coaching.at\\\/training-workshops\\\/\",\"url\":\"https:\\\/\\\/www.herzensraum-coaching.at\\\/training-workshops\\\/\",\"name\":\"Training & Workshops - Herzensraum-Coaching\",\"isPartOf\":{\"@id\":\"https:\\\/\\\/www.herzensraum-coaching.at\\\/#website\"},\"datePublished\":\"2016-04-02T09:19:35+00:00\",\"dateModified\":\"2025-02-20T16:12:17+00:00\",\"breadcrumb\":{\"@id\":\"https:\\\/\\\/www.herzensraum-coaching.at\\\/training-workshops\\\/#breadcrumb\"},\"inLanguage\":\"en-US\",\"potentialAction\":[{\"@type\":\"ReadAction\",\"target\":[\"https:\\\/\\\/www.herzensraum-coaching.at\\\/training-workshops\\\/\"]}]},{\"@type\":\"BreadcrumbList\",\"@id\":\"https:\\\/\\\/www.herzensraum-coaching.at\\\/training-workshops\\\/#breadcrumb\",\"itemListElement\":[{\"@type\":\"ListItem\",\"position\":1,\"name\":\"Startseite\",\"item\":\"https:\\\/\\\/www.herzensraum-coaching.at\\\/\"},{\"@type\":\"ListItem\",\"position\":2,\"name\":\"Training &#038; Workshops\"}]},{\"@type\":\"WebSite\",\"@id\":\"https:\\\/\\\/www.herzensraum-coaching.at\\\/#website\",\"url\":\"https:\\\/\\\/www.herzensraum-coaching.at\\\/\",\"name\":\"Herzensraum-Coaching\",\"description\":\"Mag. Nicole Riederer\",\"potentialAction\":[{\"@type\":\"SearchAction\",\"target\":{\"@type\":\"EntryPoint\",\"urlTemplate\":\"https:\\\/\\\/www.herzensraum-coaching.at\\\/?s={search_term_string}\"},\"query-input\":{\"@type\":\"PropertyValueSpecification\",\"valueRequired\":true,\"valueName\":\"search_term_string\"}}],\"inLanguage\":\"en-US\"}]}<\/script>\n<!-- \/ Yoast SEO plugin. -->","yoast_head_json":{"title":"Training & Workshops - Herzensraum-Coaching","robots":{"index":"index","follow":"follow","max-snippet":"max-snippet:-1","max-image-preview":"max-image-preview:large","max-video-preview":"max-video-preview:-1"},"canonical":"https:\/\/www.herzensraum-coaching.at\/en\/training-workshops\/","og_locale":"en_US","og_type":"article","og_title":"Training & Workshops - Herzensraum-Coaching","og_description":"Training &amp; Workshops Ich h\u00f6re und vergesse, ich sehe und behalte, ich handle und verstehe. Konfuzius Ihr Gewinn: H\u00f6here Motivation und Mitarbeiterfreude durch Anerkennung und Wertsch\u00e4tzung Die richtige Person am richtigen Platz Respektvolle Zusammenarbeit innerhalb Ihres Teams Verbesserte Gesundheit &#038; Resilienz Stetige Weiterentwicklung und Potenzialentfaltung Begeisterte Kundenbeziehung L\u00f6sungsorientiertheit mittels Fokus auf St\u00e4rken und Potenziale Gesteigerter [&hellip;]","og_url":"https:\/\/www.herzensraum-coaching.at\/en\/training-workshops\/","og_site_name":"Herzensraum-Coaching","article_publisher":"https:\/\/www.facebook.com\/herzensraum.coaching\/","article_modified_time":"2025-02-20T16:12:17+00:00","twitter_card":"summary_large_image","twitter_misc":{"Est. reading time":"2 minutes"},"schema":{"@context":"https:\/\/schema.org","@graph":[{"@type":"WebPage","@id":"https:\/\/www.herzensraum-coaching.at\/training-workshops\/","url":"https:\/\/www.herzensraum-coaching.at\/training-workshops\/","name":"Training & Workshops - Herzensraum-Coaching","isPartOf":{"@id":"https:\/\/www.herzensraum-coaching.at\/#website"},"datePublished":"2016-04-02T09:19:35+00:00","dateModified":"2025-02-20T16:12:17+00:00","breadcrumb":{"@id":"https:\/\/www.herzensraum-coaching.at\/training-workshops\/#breadcrumb"},"inLanguage":"en-US","potentialAction":[{"@type":"ReadAction","target":["https:\/\/www.herzensraum-coaching.at\/training-workshops\/"]}]},{"@type":"BreadcrumbList","@id":"https:\/\/www.herzensraum-coaching.at\/training-workshops\/#breadcrumb","itemListElement":[{"@type":"ListItem","position":1,"name":"Startseite","item":"https:\/\/www.herzensraum-coaching.at\/"},{"@type":"ListItem","position":2,"name":"Training &#038; Workshops"}]},{"@type":"WebSite","@id":"https:\/\/www.herzensraum-coaching.at\/#website","url":"https:\/\/www.herzensraum-coaching.at\/","name":"Herzensraum-Coaching","description":"Mag. Nicole Riederer","potentialAction":[{"@type":"SearchAction","target":{"@type":"EntryPoint","urlTemplate":"https:\/\/www.herzensraum-coaching.at\/?s={search_term_string}"},"query-input":{"@type":"PropertyValueSpecification","valueRequired":true,"valueName":"search_term_string"}}],"inLanguage":"en-US"}]}},"jetpack_shortlink":"https:\/\/wp.me\/P7p2NK-3c","jetpack_likes_enabled":true,"jetpack_sharing_enabled":true,"_links":{"self":[{"href":"https:\/\/www.herzensraum-coaching.at\/en\/wp-json\/wp\/v2\/pages\/198","targetHints":{"allow":["GET"]}}],"collection":[{"href":"https:\/\/www.herzensraum-coaching.at\/en\/wp-json\/wp\/v2\/pages"}],"about":[{"href":"https:\/\/www.herzensraum-coaching.at\/en\/wp-json\/wp\/v2\/types\/page"}],"author":[{"embeddable":true,"href":"https:\/\/www.herzensraum-coaching.at\/en\/wp-json\/wp\/v2\/users\/1"}],"replies":[{"embeddable":true,"href":"https:\/\/www.herzensraum-coaching.at\/en\/wp-json\/wp\/v2\/comments?post=198"}],"version-history":[{"count":42,"href":"https:\/\/www.herzensraum-coaching.at\/en\/wp-json\/wp\/v2\/pages\/198\/revisions"}],"predecessor-version":[{"id":2254,"href":"https:\/\/www.herzensraum-coaching.at\/en\/wp-json\/wp\/v2\/pages\/198\/revisions\/2254"}],"wp:attachment":[{"href":"https:\/\/www.herzensraum-coaching.at\/en\/wp-json\/wp\/v2\/media?parent=198"}],"curies":[{"name":"wp","href":"https:\/\/api.w.org\/{rel}","templated":true}]}}